{"id":29007,"date":"2024-07-08T14:15:42","date_gmt":"2024-07-08T12:15:42","guid":{"rendered":"https:\/\/centreliv.yetinc.ch\/?page_id=29007"},"modified":"2024-08-23T09:34:37","modified_gmt":"2024-08-23T07:34:37","slug":"prendre-rendez-vous","status":"publish","type":"page","link":"https:\/\/livortho.ch\/en\/prendre-rendez-vous\/","title":{"rendered":"Make an appointment"},"content":{"rendered":"\n[et_pb_section fb_built=\u00a0\u00bb1&Prime; _builder_version=\u00a0\u00bb4.26.0&Prime; _module_preset=\u00a0\u00bbdefault\u00a0\u00bb background_color=\u00a0\u00bb#000000&Prime; custom_padding=\u00a0\u00bb10px||10px||false|false\u00a0\u00bb global_colors_info=\u00a0\u00bb{}\u00a0\u00bb][et_pb_row column_structure=\u00a0\u00bb1_2,1_2&Prime; _builder_version=\u00a0\u00bb4.26.0&Prime; _module_preset=\u00a0\u00bbdefault\u00a0\u00bb background_color=\u00a0\u00bb#1b2e44&Prime; width=\u00a0\u00bb99%\u00a0\u00bb max_width=\u00a0\u00bb2560px\u00a0\u00bb module_alignment=\u00a0\u00bbright\u00a0\u00bb border_radii=\u00a0\u00bboff|45px|||45px\u00a0\u00bb global_colors_info=\u00a0\u00bb{}\u00a0\u00bb][et_pb_column type=\u00a0\u00bb1_2&Prime; _builder_version=\u00a0\u00bb4.26.0&Prime; _module_preset=\u00a0\u00bbdefault\u00a0\u00bb global_colors_info=\u00a0\u00bb{}\u00a0\u00bb][et_pb_text _builder_version=\u00a0\u00bb4.26.0&Prime; _module_preset=\u00a0\u00bbdefault\u00a0\u00bb header_font_size=\u00a0\u00bb42px\u00a0\u00bb custom_margin=\u00a0\u00bb25vh||2vh|10vh|false|false\u00a0\u00bb hover_enabled=\u00a0\u00bb0&Prime; global_colors_info=\u00a0\u00bb{}\u00a0\u00bb sticky_enabled=\u00a0\u00bb0&Prime; custom_margin_last_edited=\u00a0\u00bbon|phone\u00a0\u00bb custom_margin_phone=\u00a0\u00bb|2vh||2vh|false|false\u00a0\u00bb header_font_size_last_edited=\u00a0\u00bbon|phone\u00a0\u00bb header_font_size_phone=\u00a0\u00bb35px\u00a0\u00bb content_last_edited=\u00a0\u00bbon|phone\u00a0\u00bb content_phone=\u00a0\u00bb<h1><span style=%22color: #ffffff;%22>Prendre<br \/>Rendez-vous<\/span><\/h1>\u00a0\u00bb custom_margin_tablet=\u00a0\u00bb25vh||2vh|10vh|false|false\u00a0\u00bb header_font_size_tablet=\u00a0\u00bb42px\u00a0\u00bb content_tablet=\u00a0\u00bb<h1><span style=%22color: #ffffff;%22>Prendre Rendez-vous<\/span><\/h1>\u00ab\u00a0]<h1><span style=\"color: #ffffff;\">Prendre Rendez-vous<\/span><\/h1>[\/et_pb_text][et_pb_divider color=\u00a0\u00bb#FFFFFF\u00a0\u00bb divider_weight=\u00a0\u00bb3px\u00a0\u00bb _builder_version=\u00a0\u00bb4.26.0&Prime; _module_preset=\u00a0\u00bbdefault\u00a0\u00bb max_width=\u00a0\u00bb75%\u00a0\u00bb custom_margin=\u00a0\u00bb||15vh|10vh|false|false\u00a0\u00bb hover_enabled=\u00a0\u00bb0&Prime; global_colors_info=\u00a0\u00bb{}\u00a0\u00bb custom_margin_last_edited=\u00a0\u00bbon|phone\u00a0\u00bb sticky_enabled=\u00a0\u00bb0&Prime; custom_margin_phone=\u00a0\u00bb|||2vh|false|false\u00a0\u00bb custom_margin_tablet=\u00a0\u00bb||15vh|10vh|false|false\u00a0\u00bb][\/et_pb_divider][\/et_pb_column][et_pb_column type=\u00a0\u00bb1_2&Prime; _builder_version=\u00a0\u00bb4.26.0&Prime; _module_preset=\u00a0\u00bbdefault\u00a0\u00bb global_colors_info=\u00a0\u00bb{}\u00a0\u00bb][\/et_pb_column][\/et_pb_row][\/et_pb_section][et_pb_section fb_built=\u00a0\u00bb1&Prime; _builder_version=\u00a0\u00bb4.26.0&Prime; _module_preset=\u00a0\u00bbdefault\u00a0\u00bb background_color=\u00a0\u00bb#000000&Prime; custom_padding=\u00a0\u00bb0px||10px||false|false\u00a0\u00bb global_colors_info=\u00a0\u00bb{}\u00a0\u00bb][et_pb_row _builder_version=\u00a0\u00bb4.26.0&Prime; _module_preset=\u00a0\u00bbdefault\u00a0\u00bb background_color=\u00a0\u00bb#1b2e44&Prime; width=\u00a0\u00bb99%\u00a0\u00bb max_width=\u00a0\u00bb2560px\u00a0\u00bb module_alignment=\u00a0\u00bbright\u00a0\u00bb border_radii=\u00a0\u00bboff|45px|||45px\u00a0\u00bb global_colors_info=\u00a0\u00bb{}\u00a0\u00bb][et_pb_column type=\u00a0\u00bb4_4&Prime; _builder_version=\u00a0\u00bb4.26.0&Prime; _module_preset=\u00a0\u00bbdefault\u00a0\u00bb global_colors_info=\u00a0\u00bb{}\u00a0\u00bb][et_pb_wpt_contact_form_7 contact_form_id=\u00a0\u00bbcf7-29087&Prime; text_select_custom_padding=\u00a0\u00bb2vh|16px|2vh|16px|false|false\u00a0\u00bb text_select_bg_color=\u00a0\u00bb#FFFFFF\u00a0\u00bb column_custom_margin=\u00a0\u00bb0|0|2px|0|false|false\u00a0\u00bb _builder_version=\u00a0\u00bb4.26.0&Prime; _module_preset=\u00a0\u00bbdefault\u00a0\u00bb label_text_color=\u00a0\u00bbRGBA(255,255,255,0)\u00a0\u00bb radio_checkbox_options_label_font=\u00a0\u00bb|700|||||||\u00a0\u00bb radio_checkbox_options_label_text_color=\u00a0\u00bb#FFFFFF\u00a0\u00bb acceptance_field_label_font=\u00a0\u00bb|700|||||||\u00a0\u00bb acceptance_field_label_text_color=\u00a0\u00bb#FFFFFF\u00a0\u00bb text_select_font=\u00a0\u00bb|700|||||||\u00a0\u00bb text_select_text_color=\u00a0\u00bb#FFFFFF\u00a0\u00bb custom_form_button=\u00a0\u00bbon\u00a0\u00bb form_button_text_size=\u00a0\u00bb17px\u00a0\u00bb form_button_text_color=\u00a0\u00bb#FFFFFF\u00a0\u00bb form_button_border_width=\u00a0\u00bb1px\u00a0\u00bb form_button_alignment=\u00a0\u00bbright\u00a0\u00bb form_button_custom_padding=\u00a0\u00bb|4vw||4vw|false|true\u00a0\u00bb custom_margin=\u00a0\u00bb5vh|20vh||20vh|false|true\u00a0\u00bb custom_padding=\u00a0\u00bb|30px|30px||false|false\u00a0\u00bb hover_enabled=\u00a0\u00bb0&Prime; global_colors_info=\u00a0\u00bb{}\u00a0\u00bb form_button_bg_color__hover_enabled=\u00a0\u00bbon|hover\u00a0\u00bb sticky_enabled=\u00a0\u00bb0&Prime; custom_margin_last_edited=\u00a0\u00bbon|phone\u00a0\u00bb custom_margin_phone=\u00a0\u00bb|2vh||2vh|false|true\u00a0\u00bb custom_padding_last_edited=\u00a0\u00bbon|phone\u00a0\u00bb custom_padding_phone=\u00a0\u00bb|0px||0px|false|false\u00a0\u00bb text_select_custom_padding_last_edited=\u00a0\u00bbon|phone\u00a0\u00bb text_select_custom_padding_phone=\u00a0\u00bb0.5vh||0.5vh||true|false\u00a0\u00bb custom_margin_tablet=\u00a0\u00bb5vh|20vh||20vh|false|true\u00a0\u00bb custom_padding_tablet=\u00a0\u00bb|30px|30px||false|false\u00a0\u00bb text_select_custom_padding_tablet=\u00a0\u00bb2vh|16px|2vh|16px|false|false\u00a0\u00bb][\/et_pb_wpt_contact_form_7][\/et_pb_column][\/et_pb_row][\/et_pb_section]\n","protected":false},"excerpt":{"rendered":"<p>Make an appointment<\/p>","protected":false},"author":4,"featured_media":0,"parent":0,"menu_order":0,"comment_status":"closed","ping_status":"closed","template":"","meta":{"_et_pb_use_builder":"on","_et_pb_old_content":"","_et_gb_content_width":"","footnotes":""},"class_list":["post-29007","page","type-page","status-publish","hentry"],"yoast_head":"<!-- This site is optimized with the Yoast SEO plugin v27.3 - https:\/\/yoast.com\/product\/yoast-seo-wordpress\/ -->\n<title>Prendre rendez-vous - Liv Ortho<\/title>\n<meta name=\"description\" content=\"Prenez rendez-vous facilement avec le Centre Ost\u00e9o Articulaire. Remplissez le formulaire pour planifier votre consultation initiale avec notre \u00e9quipe sp\u00e9cialis\u00e9e en orthop\u00e9die et m\u00e9decine du sport.\" \/>\n<meta name=\"robots\" content=\"index, follow, max-snippet:-1, max-image-preview:large, max-video-preview:-1\" \/>\n<link rel=\"canonical\" href=\"https:\/\/livortho.ch\/en\/prendre-rendez-vous\/\" \/>\n<meta property=\"og:locale\" content=\"en_GB\" \/>\n<meta property=\"og:type\" content=\"article\" \/>\n<meta property=\"og:title\" content=\"Prendre rendez-vous - Liv Ortho\" \/>\n<meta property=\"og:description\" content=\"Prenez rendez-vous facilement avec le Centre Ost\u00e9o Articulaire. Remplissez le formulaire pour planifier votre consultation initiale avec notre \u00e9quipe sp\u00e9cialis\u00e9e en orthop\u00e9die et m\u00e9decine du sport.\" \/>\n<meta property=\"og:url\" content=\"https:\/\/livortho.ch\/en\/prendre-rendez-vous\/\" \/>\n<meta property=\"og:site_name\" content=\"Liv Ortho\" \/>\n<meta property=\"article:modified_time\" content=\"2024-08-23T07:34:37+00:00\" \/>\n<meta name=\"twitter:card\" content=\"summary_large_image\" \/>\n<meta name=\"twitter:label1\" content=\"Estimated reading time\" \/>\n\t<meta name=\"twitter:data1\" content=\"1 minute\" \/>\n<script type=\"application\/ld+json\" class=\"yoast-schema-graph\">{\"@context\":\"https:\\\/\\\/schema.org\",\"@graph\":[{\"@type\":\"WebPage\",\"@id\":\"https:\\\/\\\/livortho.ch\\\/prendre-rendez-vous\\\/\",\"url\":\"https:\\\/\\\/livortho.ch\\\/prendre-rendez-vous\\\/\",\"name\":\"Prendre rendez-vous - Liv Ortho\",\"isPartOf\":{\"@id\":\"https:\\\/\\\/livortho.ch\\\/#website\"},\"datePublished\":\"2024-07-08T12:15:42+00:00\",\"dateModified\":\"2024-08-23T07:34:37+00:00\",\"description\":\"Prenez rendez-vous facilement avec le Centre Ost\u00e9o Articulaire. Remplissez le formulaire pour planifier votre consultation initiale avec notre \u00e9quipe sp\u00e9cialis\u00e9e en orthop\u00e9die et m\u00e9decine du sport.\",\"breadcrumb\":{\"@id\":\"https:\\\/\\\/livortho.ch\\\/prendre-rendez-vous\\\/#breadcrumb\"},\"inLanguage\":\"en-GB\",\"potentialAction\":[{\"@type\":\"ReadAction\",\"target\":[\"https:\\\/\\\/livortho.ch\\\/prendre-rendez-vous\\\/\"]}]},{\"@type\":\"BreadcrumbList\",\"@id\":\"https:\\\/\\\/livortho.ch\\\/prendre-rendez-vous\\\/#breadcrumb\",\"itemListElement\":[{\"@type\":\"ListItem\",\"position\":1,\"name\":\"Accueil\",\"item\":\"https:\\\/\\\/livortho.ch\\\/\"},{\"@type\":\"ListItem\",\"position\":2,\"name\":\"Prendre rendez-vous\"}]},{\"@type\":\"WebSite\",\"@id\":\"https:\\\/\\\/livortho.ch\\\/#website\",\"url\":\"https:\\\/\\\/livortho.ch\\\/\",\"name\":\"Liv Ortho\",\"description\":\"\",\"potentialAction\":[{\"@type\":\"SearchAction\",\"target\":{\"@type\":\"EntryPoint\",\"urlTemplate\":\"https:\\\/\\\/livortho.ch\\\/?s={search_term_string}\"},\"query-input\":{\"@type\":\"PropertyValueSpecification\",\"valueRequired\":true,\"valueName\":\"search_term_string\"}}],\"inLanguage\":\"en-GB\"}]}<\/script>\n<!-- \/ Yoast SEO plugin. -->","yoast_head_json":{"title":"Prendre rendez-vous - Liv Ortho","description":"Prenez rendez-vous facilement avec le Centre Ost\u00e9o Articulaire. Remplissez le formulaire pour planifier votre consultation initiale avec notre \u00e9quipe sp\u00e9cialis\u00e9e en orthop\u00e9die et m\u00e9decine du sport.","robots":{"index":"index","follow":"follow","max-snippet":"max-snippet:-1","max-image-preview":"max-image-preview:large","max-video-preview":"max-video-preview:-1"},"canonical":"https:\/\/livortho.ch\/en\/prendre-rendez-vous\/","og_locale":"en_GB","og_type":"article","og_title":"Prendre rendez-vous - Liv Ortho","og_description":"Prenez rendez-vous facilement avec le Centre Ost\u00e9o Articulaire. Remplissez le formulaire pour planifier votre consultation initiale avec notre \u00e9quipe sp\u00e9cialis\u00e9e en orthop\u00e9die et m\u00e9decine du sport.","og_url":"https:\/\/livortho.ch\/en\/prendre-rendez-vous\/","og_site_name":"Liv Ortho","article_modified_time":"2024-08-23T07:34:37+00:00","twitter_card":"summary_large_image","twitter_misc":{"Estimated reading time":"1 minute"},"schema":{"@context":"https:\/\/schema.org","@graph":[{"@type":"WebPage","@id":"https:\/\/livortho.ch\/prendre-rendez-vous\/","url":"https:\/\/livortho.ch\/prendre-rendez-vous\/","name":"Prendre rendez-vous - Liv Ortho","isPartOf":{"@id":"https:\/\/livortho.ch\/#website"},"datePublished":"2024-07-08T12:15:42+00:00","dateModified":"2024-08-23T07:34:37+00:00","description":"Prenez rendez-vous facilement avec le Centre Ost\u00e9o Articulaire. Remplissez le formulaire pour planifier votre consultation initiale avec notre \u00e9quipe sp\u00e9cialis\u00e9e en orthop\u00e9die et m\u00e9decine du sport.","breadcrumb":{"@id":"https:\/\/livortho.ch\/prendre-rendez-vous\/#breadcrumb"},"inLanguage":"en-GB","potentialAction":[{"@type":"ReadAction","target":["https:\/\/livortho.ch\/prendre-rendez-vous\/"]}]},{"@type":"BreadcrumbList","@id":"https:\/\/livortho.ch\/prendre-rendez-vous\/#breadcrumb","itemListElement":[{"@type":"ListItem","position":1,"name":"Accueil","item":"https:\/\/livortho.ch\/"},{"@type":"ListItem","position":2,"name":"Prendre rendez-vous"}]},{"@type":"WebSite","@id":"https:\/\/livortho.ch\/#website","url":"https:\/\/livortho.ch\/","name":"Liv Ortho","description":"","potentialAction":[{"@type":"SearchAction","target":{"@type":"EntryPoint","urlTemplate":"https:\/\/livortho.ch\/?s={search_term_string}"},"query-input":{"@type":"PropertyValueSpecification","valueRequired":true,"valueName":"search_term_string"}}],"inLanguage":"en-GB"}]}},"_links":{"self":[{"href":"https:\/\/livortho.ch\/en\/wp-json\/wp\/v2\/pages\/29007","targetHints":{"allow":["GET"]}}],"collection":[{"href":"https:\/\/livortho.ch\/en\/wp-json\/wp\/v2\/pages"}],"about":[{"href":"https:\/\/livortho.ch\/en\/wp-json\/wp\/v2\/types\/page"}],"author":[{"embeddable":true,"href":"https:\/\/livortho.ch\/en\/wp-json\/wp\/v2\/users\/4"}],"replies":[{"embeddable":true,"href":"https:\/\/livortho.ch\/en\/wp-json\/wp\/v2\/comments?post=29007"}],"version-history":[{"count":9,"href":"https:\/\/livortho.ch\/en\/wp-json\/wp\/v2\/pages\/29007\/revisions"}],"predecessor-version":[{"id":30081,"href":"https:\/\/livortho.ch\/en\/wp-json\/wp\/v2\/pages\/29007\/revisions\/30081"}],"wp:attachment":[{"href":"https:\/\/livortho.ch\/en\/wp-json\/wp\/v2\/media?parent=29007"}],"curies":[{"name":"wp","href":"https:\/\/api.w.org\/{rel}","templated":true}]}}