{"id":29023,"date":"2024-07-08T14:17:58","date_gmt":"2024-07-08T12:17:58","guid":{"rendered":"https:\/\/centreliv.yetinc.ch\/?page_id=29023"},"modified":"2024-08-23T09:30:06","modified_gmt":"2024-08-23T07:30:06","slug":"nouveau-patient","status":"publish","type":"page","link":"https:\/\/livortho.ch\/en\/nouveau-patient\/","title":{"rendered":"New patient"},"content":{"rendered":"\n[et_pb_section fb_built=\u00a0\u00bb1&Prime; _builder_version=\u00a0\u00bb4.26.1&Prime; _module_preset=\u00a0\u00bbdefault\u00a0\u00bb background_color=\u00a0\u00bb#000000&Prime; custom_margin=\u00a0\u00bb||0px||false|false\u00a0\u00bb custom_padding=\u00a0\u00bb10px||0px||false|false\u00a0\u00bb global_colors_info=\u00a0\u00bb{}\u00a0\u00bb][et_pb_row column_structure=\u00a0\u00bb1_2,1_2&Prime; _builder_version=\u00a0\u00bb4.26.0&Prime; _module_preset=\u00a0\u00bbdefault\u00a0\u00bb background_color=\u00a0\u00bb#1b2e44&Prime; width=\u00a0\u00bb99%\u00a0\u00bb max_width=\u00a0\u00bb2560px\u00a0\u00bb module_alignment=\u00a0\u00bbright\u00a0\u00bb border_radii=\u00a0\u00bboff|45px|||45px\u00a0\u00bb global_colors_info=\u00a0\u00bb{}\u00a0\u00bb][et_pb_column type=\u00a0\u00bb1_2&Prime; _builder_version=\u00a0\u00bb4.26.0&Prime; _module_preset=\u00a0\u00bbdefault\u00a0\u00bb global_colors_info=\u00a0\u00bb{}\u00a0\u00bb][et_pb_text _builder_version=\u00a0\u00bb4.26.1&Prime; _module_preset=\u00a0\u00bbdefault\u00a0\u00bb custom_margin=\u00a0\u00bb20vh||6vh|10vh|false|false\u00a0\u00bb custom_margin_tablet=\u00a0\u00bb20vh||6vh|10vh|false|false\u00a0\u00bb custom_margin_phone=\u00a0\u00bb30vh|2vh|6vh|2vh|false|true\u00a0\u00bb custom_margin_last_edited=\u00a0\u00bbon|phone\u00a0\u00bb header_font_size_tablet=\u00a0\u00bb45px\u00a0\u00bb global_colors_info=\u00a0\u00bb{}\u00a0\u00bb]<h1><span style=\"color: #ffffff;\">Nouveau patient au Centre Ost\u00e9o Articulaire ?<\/span><\/h1>[\/et_pb_text][et_pb_divider color=\u00a0\u00bb#FFFFFF\u00a0\u00bb divider_weight=\u00a0\u00bb3px\u00a0\u00bb _builder_version=\u00a0\u00bb4.26.0&Prime; _module_preset=\u00a0\u00bbdefault\u00a0\u00bb max_width=\u00a0\u00bb75%\u00a0\u00bb custom_margin=\u00a0\u00bb||1vh|10vh|false|false\u00a0\u00bb custom_margin_tablet=\u00a0\u00bb||1vh|10vh|false|false\u00a0\u00bb custom_margin_phone=\u00a0\u00bb|2vh|1vh|2vh|false|true\u00a0\u00bb custom_margin_last_edited=\u00a0\u00bbon|phone\u00a0\u00bb global_colors_info=\u00a0\u00bb{}\u00a0\u00bb][\/et_pb_divider][et_pb_text _builder_version=\u00a0\u00bb4.26.0&Prime; _module_preset=\u00a0\u00bbdefault\u00a0\u00bb text_text_color=\u00a0\u00bb#FFFFFF\u00a0\u00bb width=\u00a0\u00bb100%\u00a0\u00bb custom_margin=\u00a0\u00bb||5vh|10vh|false|false\u00a0\u00bb custom_margin_tablet=\u00a0\u00bb||5vh|10vh|false|false\u00a0\u00bb custom_margin_phone=\u00a0\u00bb|2vh|30vh|2vh|false|true\u00a0\u00bb custom_margin_last_edited=\u00a0\u00bbon|phone\u00a0\u00bb text_font_size_tablet=\u00a0\u00bb25px\u00a0\u00bb global_colors_info=\u00a0\u00bb{}\u00a0\u00bb]<p>Le centre ost\u00e9o articulaire est sp\u00e9cialis\u00e9 en chirurgie orthop\u00e9dique du membre inf\u00e9rieur et en m\u00e9decine du sport nous acceptons les nouveaux patients.<\/p>[\/et_pb_text][\/et_pb_column][et_pb_column type=\u00a0\u00bb1_2&Prime; _builder_version=\u00a0\u00bb4.26.0&Prime; _module_preset=\u00a0\u00bbdefault\u00a0\u00bb global_colors_info=\u00a0\u00bb{}\u00a0\u00bb][\/et_pb_column][\/et_pb_row][et_pb_row column_structure=\u00a0\u00bb1_2,1_2&Prime; _builder_version=\u00a0\u00bb4.26.1&Prime; _module_preset=\u00a0\u00bbdefault\u00a0\u00bb width=\u00a0\u00bb100%\u00a0\u00bb max_width=\u00a0\u00bb2560px\u00a0\u00bb custom_margin=\u00a0\u00bb-41px||||false|false\u00a0\u00bb custom_padding=\u00a0\u00bb0px||0px||true|false\u00a0\u00bb locked=\u00a0\u00bboff\u00a0\u00bb global_colors_info=\u00a0\u00bb{}\u00a0\u00bb][et_pb_column type=\u00a0\u00bb1_2&Prime; _builder_version=\u00a0\u00bb4.26.0&Prime; _module_preset=\u00a0\u00bbdefault\u00a0\u00bb global_colors_info=\u00a0\u00bb{}\u00a0\u00bb][\/et_pb_column][et_pb_column type=\u00a0\u00bb1_2&Prime; _builder_version=\u00a0\u00bb4.26.0&Prime; _module_preset=\u00a0\u00bbdefault\u00a0\u00bb global_colors_info=\u00a0\u00bb{}\u00a0\u00bb][et_pb_image src=\u00a0\u00bbhttps:\/\/livortho.ch\/wp-content\/uploads\/2024\/07\/ROSA-photo-par-Nathan-Stampfli-Yetinc_-6-Copie-e1720684054132.jpg\u00a0\u00bb title_text=\u00a0\u00bbROSA &#8211; photo par Nathan Stampfli &#8211; Yetinc_-6 &#8211; Copie\u00a0\u00bb show_bottom_space=\u00a0\u00bboff\u00a0\u00bb align=\u00a0\u00bbright\u00a0\u00bb _builder_version=\u00a0\u00bb4.26.1&Prime; _module_preset=\u00a0\u00bbdefault\u00a0\u00bb transform_translate=\u00a0\u00bb0px|112px\u00a0\u00bb transform_translate_linked=\u00a0\u00bboff\u00a0\u00bb max_width=\u00a0\u00bb88.4%\u00a0\u00bb max_width_tablet=\u00a0\u00bb70%\u00a0\u00bb max_width_phone=\u00a0\u00bb100%\u00a0\u00bb max_width_last_edited=\u00a0\u00bbon|phone\u00a0\u00bb module_alignment=\u00a0\u00bbright\u00a0\u00bb max_height=\u00a0\u00bb688px\u00a0\u00bb custom_margin=\u00a0\u00bb-380px||||false|false\u00a0\u00bb custom_margin_tablet=\u00a0\u00bb-600px||||false|false\u00a0\u00bb custom_margin_phone=\u00a0\u00bb-297px||||false|false\u00a0\u00bb custom_margin_last_edited=\u00a0\u00bbon|phone\u00a0\u00bb custom_padding=\u00a0\u00bb|10vh|0vh|0px|false|false\u00a0\u00bb custom_padding_tablet=\u00a0\u00bb|10vh|0vh||false|false\u00a0\u00bb custom_padding_phone=\u00a0\u00bb|7vh|0vh|7vh|false|true\u00a0\u00bb custom_padding_last_edited=\u00a0\u00bbon|phone\u00a0\u00bb animation_style=\u00a0\u00bbfade\u00a0\u00bb border_radii=\u00a0\u00bbon|45px|45px|45px|45px\u00a0\u00bb border_width_all=\u00a0\u00bb3px\u00a0\u00bb border_color_all=\u00a0\u00bb#FFFFFF\u00a0\u00bb global_colors_info=\u00a0\u00bb{}\u00a0\u00bb][\/et_pb_image][\/et_pb_column][\/et_pb_row][\/et_pb_section][et_pb_section fb_built=\u00a0\u00bb1&Prime; _builder_version=\u00a0\u00bb4.26.1&Prime; _module_preset=\u00a0\u00bbdefault\u00a0\u00bb background_color=\u00a0\u00bb#000000&Prime; custom_margin=\u00a0\u00bb||||false|false\u00a0\u00bb custom_padding=\u00a0\u00bb0px||10px||false|false\u00a0\u00bb global_colors_info=\u00a0\u00bb{}\u00a0\u00bb][et_pb_row column_structure=\u00a0\u00bb1_3,1_3,1_3&Prime; _builder_version=\u00a0\u00bb4.26.1&Prime; _module_preset=\u00a0\u00bbdefault\u00a0\u00bb background_color=\u00a0\u00bb#FFFFFF\u00a0\u00bb width=\u00a0\u00bb99%\u00a0\u00bb max_width=\u00a0\u00bb2560px\u00a0\u00bb module_alignment=\u00a0\u00bbright\u00a0\u00bb min_height=\u00a0\u00bb303px\u00a0\u00bb custom_margin=\u00a0\u00bb-10px|auto|0px|auto|false|false\u00a0\u00bb custom_padding=\u00a0\u00bb10vh||||false|false\u00a0\u00bb border_radii=\u00a0\u00bboff|45px|||\u00a0\u00bb global_colors_info=\u00a0\u00bb{}\u00a0\u00bb][et_pb_column type=\u00a0\u00bb1_3&Prime; _builder_version=\u00a0\u00bb4.26.1&Prime; _module_preset=\u00a0\u00bbdefault\u00a0\u00bb global_colors_info=\u00a0\u00bb{}\u00a0\u00bb][et_pb_image src=\u00a0\u00bbhttps:\/\/livortho.ch\/wp-content\/uploads\/2024\/07\/LIV_ortho_logo_simplifie_noir.svg\u00a0\u00bb title_text=\u00a0\u00bbLIV_ortho_logo_simplifie_noir\u00a0\u00bb _builder_version=\u00a0\u00bb4.26.1&Prime; _module_preset=\u00a0\u00bbdefault\u00a0\u00bb background_color=\u00a0\u00bbRGBA(255,255,255,0)\u00a0\u00bb max_width=\u00a0\u00bb18%\u00a0\u00bb custom_margin=\u00a0\u00bb0px|||10vh|false|false\u00a0\u00bb custom_margin_tablet=\u00a0\u00bb0px|||10vh|false|false\u00a0\u00bb custom_margin_phone=\u00a0\u00bb13vh||||false|false\u00a0\u00bb custom_margin_last_edited=\u00a0\u00bbon|desktop\u00a0\u00bb global_colors_info=\u00a0\u00bb{}\u00a0\u00bb][\/et_pb_image][et_pb_text _builder_version=\u00a0\u00bb4.26.1&Prime; _module_preset=\u00a0\u00bbdefault\u00a0\u00bb header_2_font=\u00a0\u00bbGotham medium||||||||\u00a0\u00bb custom_margin=\u00a0\u00bb-10px|0vh|0px|10vh|false|false\u00a0\u00bb custom_margin_tablet=\u00a0\u00bb|26vh|0px|26vh|false|true\u00a0\u00bb custom_margin_phone=\u00a0\u00bb6vh|2vh|0px|2vh|false|true\u00a0\u00bb custom_margin_last_edited=\u00a0\u00bbon|phone\u00a0\u00bb custom_padding=\u00a0\u00bb|0px|22px|||\u00a0\u00bb global_colors_info=\u00a0\u00bb{}\u00a0\u00bb]<h2><span style=\"color: #000000;\">Le Patient d&rsquo;abord<\/span><\/h2>[\/et_pb_text][\/et_pb_column][et_pb_column type=\u00a0\u00bb1_3&Prime; _builder_version=\u00a0\u00bb4.26.1&Prime; _module_preset=\u00a0\u00bbdefault\u00a0\u00bb global_colors_info=\u00a0\u00bb{}\u00a0\u00bb][\/et_pb_column][et_pb_column type=\u00a0\u00bb1_3&Prime; _builder_version=\u00a0\u00bb4.26.1&Prime; _module_preset=\u00a0\u00bbdefault\u00a0\u00bb background_color=\u00a0\u00bbRGBA(255,255,255,0)\u00a0\u00bb global_colors_info=\u00a0\u00bb{}\u00a0\u00bb][\/et_pb_column][\/et_pb_row][et_pb_row column_structure=\u00a0\u00bb2_3,1_3&Prime; custom_padding_last_edited=\u00a0\u00bbon|phone\u00a0\u00bb _builder_version=\u00a0\u00bb4.26.1&Prime; _module_preset=\u00a0\u00bbdefault\u00a0\u00bb background_color=\u00a0\u00bb#FFFFFF\u00a0\u00bb width=\u00a0\u00bb99%\u00a0\u00bb max_width=\u00a0\u00bb2560px\u00a0\u00bb module_alignment=\u00a0\u00bbright\u00a0\u00bb custom_margin=\u00a0\u00bb0px||||false|true\u00a0\u00bb custom_padding=\u00a0\u00bb0vh|10vh|0vh|10vh|false|true\u00a0\u00bb custom_padding_tablet=\u00a0\u00bb15vh||15vh||false|false\u00a0\u00bb custom_padding_phone=\u00a0\u00bb5vh|0px|5vh|0px|false|false\u00a0\u00bb border_radii=\u00a0\u00bboff||||\u00a0\u00bb global_colors_info=\u00a0\u00bb{}\u00a0\u00bb][et_pb_column type=\u00a0\u00bb2_3&Prime; _builder_version=\u00a0\u00bb4.26.0&Prime; _module_preset=\u00a0\u00bbdefault\u00a0\u00bb global_colors_info=\u00a0\u00bb{}\u00a0\u00bb][et_pb_text _builder_version=\u00a0\u00bb4.26.1&Prime; _module_preset=\u00a0\u00bbdefault\u00a0\u00bb text_text_color=\u00a0\u00bb#FFFFFF\u00a0\u00bb text_font_size=\u00a0\u00bb19px\u00a0\u00bb custom_margin=\u00a0\u00bb||5vh||false|false\u00a0\u00bb custom_margin_tablet=\u00a0\u00bb||5vh|10vh|false|false\u00a0\u00bb custom_margin_phone=\u00a0\u00bb|2vh|0vh|2vh|false|true\u00a0\u00bb custom_margin_last_edited=\u00a0\u00bbon|phone\u00a0\u00bb text_font_size_tablet=\u00a0\u00bb25px\u00a0\u00bb global_colors_info=\u00a0\u00bb{}\u00a0\u00bb]<p><span style=\"color: #0a0a0a;\">Chez Liv Ortho, nous souhaitons toujours apporter le maximum de valeurs aux patients ! Notre obsession : augmenter la qualit\u00e9 et la s\u00e9curit\u00e9 pour nos patients afin d\u2019\u00eatre partenaire de votre sant\u00e9. Nous avons donc imagin\u00e9 une approche vous mettant au centre de votre prise en charge, respectant vos envies, choix et votre sant\u00e9. Nous sommes orient\u00e9s vers le service des patients dans un esprit de confiance et de respect de la vie priv\u00e9e. Nos \u00e9quipes sont \u00e0 votre \u00e9coute, \u00e0 chaque instant : le patient d\u2019abord<\/span><\/p>[\/et_pb_text][\/et_pb_column][et_pb_column type=\u00a0\u00bb1_3&Prime; _builder_version=\u00a0\u00bb4.26.1&Prime; _module_preset=\u00a0\u00bbdefault\u00a0\u00bb border_width_right=\u00a0\u00bb0px\u00a0\u00bb global_colors_info=\u00a0\u00bb{}\u00a0\u00bb][\/et_pb_column][\/et_pb_row][et_pb_row column_structure=\u00a0\u00bb1_3,1_3,1_3&Prime; use_custom_gutter=\u00a0\u00bbon\u00a0\u00bb gutter_width=\u00a0\u00bb2&Prime; make_equal=\u00a0\u00bbon\u00a0\u00bb custom_padding_last_edited=\u00a0\u00bbon|phone\u00a0\u00bb _builder_version=\u00a0\u00bb4.26.1&Prime; _module_preset=\u00a0\u00bbdefault\u00a0\u00bb background_color=\u00a0\u00bb#FFFFFF\u00a0\u00bb width=\u00a0\u00bb99%\u00a0\u00bb max_width=\u00a0\u00bb2560px\u00a0\u00bb module_alignment=\u00a0\u00bbright\u00a0\u00bb custom_margin=\u00a0\u00bb0px|0px||0px|false|false\u00a0\u00bb custom_padding=\u00a0\u00bb0px|10vh|10vh|10vh|false|true\u00a0\u00bb custom_padding_tablet=\u00a0\u00bb0px|10vh|10vh|10vh|false|true\u00a0\u00bb custom_padding_phone=\u00a0\u00bb|2vh||2vh|false|true\u00a0\u00bb animation_direction=\u00a0\u00bbleft\u00a0\u00bb border_radii=\u00a0\u00bboff||||45px\u00a0\u00bb locked=\u00a0\u00bboff\u00a0\u00bb global_colors_info=\u00a0\u00bb{}\u00a0\u00bb][et_pb_column type=\u00a0\u00bb1_3&Prime; _builder_version=\u00a0\u00bb4.26.1&Prime; _dynamic_attributes=\u00a0\u00bblink_option_url\u00a0\u00bb _module_preset=\u00a0\u00bbdefault\u00a0\u00bb background_color=\u00a0\u00bbrgba(0,0,0,0.55)\u00a0\u00bb background_image=\u00a0\u00bbhttps:\/\/livortho.ch\/wp-content\/uploads\/2024\/07\/hassan-ouajbir-IYU_YmMRm7s-unsplash-1-scaled.jpg\u00a0\u00bb background_blend=\u00a0\u00bboverlay\u00a0\u00bb custom_padding=\u00a0\u00bb||||false|true\u00a0\u00bb link_option_url=\u00a0\u00bb@ET-DC@eyJkeW5hbWljIjp0cnVlLCJjb250ZW50IjoicG9zdF9saW5rX3VybF9wYWdlIiwic2V0dGluZ3MiOnsicG9zdF9pZCI6IjI5MDM5In19@\u00a0\u00bb border_radii=\u00a0\u00bbon|45px|45px|45px|45px\u00a0\u00bb border_width_all=\u00a0\u00bb3px\u00a0\u00bb border_color_all=\u00a0\u00bb#FFFFFF\u00a0\u00bb global_colors_info=\u00a0\u00bb{}\u00a0\u00bb][et_pb_text _builder_version=\u00a0\u00bb4.26.1&Prime; _module_preset=\u00a0\u00bbdefault\u00a0\u00bb text_font=\u00a0\u00bbGotham Bold|700|||||||\u00a0\u00bb text_text_color=\u00a0\u00bb#FFFFFF\u00a0\u00bb text_font_size=\u00a0\u00bb35px\u00a0\u00bb text_line_height=\u00a0\u00bb1.1em\u00a0\u00bb custom_margin=\u00a0\u00bb25vh||20vh|1vw|false|false\u00a0\u00bb custom_padding=\u00a0\u00bb|0px||||\u00a0\u00bb custom_padding_tablet=\u00a0\u00bb|0px||||\u00a0\u00bb custom_padding_phone=\u00a0\u00bb|2vh||2vh|false|true\u00a0\u00bb custom_padding_last_edited=\u00a0\u00bbon|phone\u00a0\u00bb text_font_size_phone=\u00a0\u00bb20px\u00a0\u00bb global_colors_info=\u00a0\u00bb{}\u00a0\u00bb]<p>Votre premier contact avec le centre<\/p>[\/et_pb_text][et_pb_button button_url=\u00a0\u00bb@ET-DC@eyJkeW5hbWljIjp0cnVlLCJjb250ZW50IjoicG9zdF9saW5rX3VybF9wYWdlIiwic2V0dGluZ3MiOnsicG9zdF9pZCI6IjI5MDI1In19@\u00a0\u00bb button_text=\u00a0\u00bbEn savoir plus\u00a0\u00bb button_alignment=\u00a0\u00bbcenter\u00a0\u00bb _builder_version=\u00a0\u00bb4.26.1&Prime; _dynamic_attributes=\u00a0\u00bbbutton_url\u00a0\u00bb _module_preset=\u00a0\u00bbdefault\u00a0\u00bb custom_button=\u00a0\u00bbon\u00a0\u00bb button_text_size=\u00a0\u00bb25px\u00a0\u00bb button_text_color=\u00a0\u00bb#FFFFFF\u00a0\u00bb button_border_width=\u00a0\u00bb0px\u00a0\u00bb button_font=\u00a0\u00bbMontserrat|500|||||||\u00a0\u00bb button_on_hover=\u00a0\u00bboff\u00a0\u00bb background_layout=\u00a0\u00bbdark\u00a0\u00bb custom_margin=\u00a0\u00bb||2vh||false|false\u00a0\u00bb global_colors_info=\u00a0\u00bb{}\u00a0\u00bb][\/et_pb_button][\/et_pb_column][et_pb_column type=\u00a0\u00bb1_3&Prime; _builder_version=\u00a0\u00bb4.26.1&Prime; _dynamic_attributes=\u00a0\u00bblink_option_url\u00a0\u00bb _module_preset=\u00a0\u00bbdefault\u00a0\u00bb background_color=\u00a0\u00bbrgba(0,0,0,0.55)\u00a0\u00bb background_image=\u00a0\u00bbhttps:\/\/livortho.ch\/wp-content\/uploads\/2024\/07\/jess-bailey-ycTvvg1mPU4-unsplash-1-scaled.jpg\u00a0\u00bb background_blend=\u00a0\u00bboverlay\u00a0\u00bb link_option_url=\u00a0\u00bb@ET-DC@eyJkeW5hbWljIjp0cnVlLCJjb250ZW50IjoicG9zdF9saW5rX3VybF9wYWdlIiwic2V0dGluZ3MiOnsicG9zdF9pZCI6IjI5MDI3In19@\u00a0\u00bb border_radii=\u00a0\u00bbon|45px|45px|45px|45px\u00a0\u00bb border_width_all=\u00a0\u00bb3px\u00a0\u00bb border_color_all=\u00a0\u00bb#FFFFFF\u00a0\u00bb global_colors_info=\u00a0\u00bb{}\u00a0\u00bb][et_pb_text _builder_version=\u00a0\u00bb4.26.1&Prime; _module_preset=\u00a0\u00bbdefault\u00a0\u00bb text_font=\u00a0\u00bbGotham Bold|700|||||||\u00a0\u00bb text_text_color=\u00a0\u00bb#FFFFFF\u00a0\u00bb text_font_size=\u00a0\u00bb35px\u00a0\u00bb text_line_height=\u00a0\u00bb1.1em\u00a0\u00bb custom_margin=\u00a0\u00bb25vh||20vh|1vw|false|false\u00a0\u00bb custom_padding_tablet=\u00a0\u00bb\u00a0\u00bb custom_padding_phone=\u00a0\u00bb|2vh||2vh|false|true\u00a0\u00bb custom_padding_last_edited=\u00a0\u00bbon|phone\u00a0\u00bb text_font_size_phone=\u00a0\u00bb20px\u00a0\u00bb global_colors_info=\u00a0\u00bb{}\u00a0\u00bb]<p>Prendre son premier<br \/>rendez-vous<\/p>[\/et_pb_text][et_pb_button button_url=\u00a0\u00bb@ET-DC@eyJkeW5hbWljIjp0cnVlLCJjb250ZW50IjoicG9zdF9saW5rX3VybF9wYWdlIiwic2V0dGluZ3MiOnsicG9zdF9pZCI6IjI5MDI3In19@\u00a0\u00bb button_text=\u00a0\u00bbEn savoir plus\u00a0\u00bb button_alignment=\u00a0\u00bbcenter\u00a0\u00bb _builder_version=\u00a0\u00bb4.26.1&Prime; _dynamic_attributes=\u00a0\u00bbbutton_url\u00a0\u00bb _module_preset=\u00a0\u00bbdefault\u00a0\u00bb custom_button=\u00a0\u00bbon\u00a0\u00bb button_text_size=\u00a0\u00bb25px\u00a0\u00bb button_text_color=\u00a0\u00bb#FFFFFF\u00a0\u00bb button_border_width=\u00a0\u00bb0px\u00a0\u00bb button_font=\u00a0\u00bbMontserrat|500|||||||\u00a0\u00bb button_on_hover=\u00a0\u00bboff\u00a0\u00bb background_layout=\u00a0\u00bbdark\u00a0\u00bb custom_margin=\u00a0\u00bb||2vh||false|false\u00a0\u00bb global_colors_info=\u00a0\u00bb{}\u00a0\u00bb][\/et_pb_button][\/et_pb_column][et_pb_column type=\u00a0\u00bb1_3&Prime; _builder_version=\u00a0\u00bb4.26.1&Prime; _dynamic_attributes=\u00a0\u00bblink_option_url\u00a0\u00bb _module_preset=\u00a0\u00bbdefault\u00a0\u00bb background_color=\u00a0\u00bbrgba(0,0,0,0.55)\u00a0\u00bb background_image=\u00a0\u00bbhttps:\/\/livortho.ch\/wp-content\/uploads\/2024\/07\/semen-zhuravlev-_XxH_mV8dnk-unsplash-scaled.jpg\u00a0\u00bb background_blend=\u00a0\u00bboverlay\u00a0\u00bb link_option_url=\u00a0\u00bb@ET-DC@eyJkeW5hbWljIjp0cnVlLCJjb250ZW50IjoicG9zdF9saW5rX3VybF9wYWdlIiwic2V0dGluZ3MiOnsicG9zdF9pZCI6IjI5MDQxIn19@\u00a0\u00bb border_radii=\u00a0\u00bbon|45px|45px|45px|45px\u00a0\u00bb border_width_all=\u00a0\u00bb3px\u00a0\u00bb border_color_all=\u00a0\u00bb#FFFFFF\u00a0\u00bb global_colors_info=\u00a0\u00bb{}\u00a0\u00bb][et_pb_text _builder_version=\u00a0\u00bb4.26.1&Prime; _module_preset=\u00a0\u00bbdefault\u00a0\u00bb text_font=\u00a0\u00bbGotham Bold|700|||||||\u00a0\u00bb text_text_color=\u00a0\u00bb#FFFFFF\u00a0\u00bb text_font_size=\u00a0\u00bb35px\u00a0\u00bb text_line_height=\u00a0\u00bb1.1em\u00a0\u00bb custom_margin=\u00a0\u00bb25vh||20vh|1vw|false|false\u00a0\u00bb custom_padding_tablet=\u00a0\u00bb\u00a0\u00bb custom_padding_phone=\u00a0\u00bb|||2vh|false|false\u00a0\u00bb custom_padding_last_edited=\u00a0\u00bbon|phone\u00a0\u00bb text_font_size_phone=\u00a0\u00bb20px\u00a0\u00bb global_colors_info=\u00a0\u00bb{}\u00a0\u00bb]<p>Les Pathologies que nous traitons<\/p>[\/et_pb_text][et_pb_button button_url=\u00a0\u00bb@ET-DC@eyJkeW5hbWljIjp0cnVlLCJjb250ZW50IjoicG9zdF9saW5rX3VybF9wYWdlIiwic2V0dGluZ3MiOnsicG9zdF9pZCI6IjI5MDQxIn19@\u00a0\u00bb button_text=\u00a0\u00bbEn savoir plus\u00a0\u00bb button_alignment=\u00a0\u00bbcenter\u00a0\u00bb _builder_version=\u00a0\u00bb4.26.1&Prime; _dynamic_attributes=\u00a0\u00bbbutton_url\u00a0\u00bb _module_preset=\u00a0\u00bbdefault\u00a0\u00bb custom_button=\u00a0\u00bbon\u00a0\u00bb button_text_size=\u00a0\u00bb25px\u00a0\u00bb button_text_color=\u00a0\u00bb#FFFFFF\u00a0\u00bb button_border_width=\u00a0\u00bb0px\u00a0\u00bb button_font=\u00a0\u00bbMontserrat|500|||||||\u00a0\u00bb button_on_hover=\u00a0\u00bboff\u00a0\u00bb background_layout=\u00a0\u00bbdark\u00a0\u00bb custom_margin=\u00a0\u00bb||2vh||false|false\u00a0\u00bb global_colors_info=\u00a0\u00bb{}\u00a0\u00bb][\/et_pb_button][\/et_pb_column][\/et_pb_row][\/et_pb_section]\n","protected":false},"excerpt":{"rendered":"<p>Nouveau patient au Centre Ost\u00e9o Articulaire ?Le centre ost\u00e9o articulaire est sp\u00e9cialis\u00e9 en chirurgie orthop\u00e9dique du membre inf\u00e9rieur et en m\u00e9decine du sport nous acceptons les nouveaux patients.Le Patient d&rsquo;abordChez Liv Ortho, nous souhaitons toujours apporter le maximum de valeurs aux patients ! Notre obsession : augmenter la qualit\u00e9 et la s\u00e9curit\u00e9 pour nos patients [&hellip;]<\/p>\n","protected":false},"author":4,"featured_media":0,"parent":0,"menu_order":0,"comment_status":"closed","ping_status":"closed","template":"","meta":{"_et_pb_use_builder":"on","_et_pb_old_content":"","_et_gb_content_width":"","footnotes":""},"class_list":["post-29023","page","type-page","status-publish","hentry"],"yoast_head":"<!-- This site is optimized with the Yoast SEO plugin v27.3 - https:\/\/yoast.com\/product\/yoast-seo-wordpress\/ -->\n<title>Nouveau patient - Liv Ortho<\/title>\n<meta name=\"description\" content=\"D\u00e9couvrez le Centre Ost\u00e9o Articulaire, sp\u00e9cialis\u00e9 en chirurgie orthop\u00e9dique du membre inf\u00e9rieur et en m\u00e9decine du sport. Nous acceptons de nouveaux patients et offrons des soins experts pour vos pathologies ost\u00e9o-articulaires.\" \/>\n<meta name=\"robots\" content=\"index, follow, max-snippet:-1, max-image-preview:large, max-video-preview:-1\" \/>\n<link rel=\"canonical\" href=\"https:\/\/livortho.ch\/en\/nouveau-patient\/\" \/>\n<meta property=\"og:locale\" content=\"en_GB\" \/>\n<meta property=\"og:type\" content=\"article\" \/>\n<meta property=\"og:title\" content=\"Nouveau patient - Liv Ortho\" \/>\n<meta property=\"og:description\" content=\"D\u00e9couvrez le Centre Ost\u00e9o Articulaire, sp\u00e9cialis\u00e9 en chirurgie orthop\u00e9dique du membre inf\u00e9rieur et en m\u00e9decine du sport. Nous acceptons de nouveaux patients et offrons des soins experts pour vos pathologies ost\u00e9o-articulaires.\" \/>\n<meta property=\"og:url\" content=\"https:\/\/livortho.ch\/en\/nouveau-patient\/\" \/>\n<meta property=\"og:site_name\" content=\"Liv Ortho\" \/>\n<meta property=\"article:modified_time\" content=\"2024-08-23T07:30:06+00:00\" \/>\n<meta name=\"twitter:card\" content=\"summary_large_image\" \/>\n<meta name=\"twitter:label1\" content=\"Estimated reading time\" \/>\n\t<meta name=\"twitter:data1\" content=\"2 minutes\" \/>\n<script type=\"application\/ld+json\" class=\"yoast-schema-graph\">{\"@context\":\"https:\\\/\\\/schema.org\",\"@graph\":[{\"@type\":\"WebPage\",\"@id\":\"https:\\\/\\\/livortho.ch\\\/nouveau-patient\\\/\",\"url\":\"https:\\\/\\\/livortho.ch\\\/nouveau-patient\\\/\",\"name\":\"Nouveau patient - Liv Ortho\",\"isPartOf\":{\"@id\":\"https:\\\/\\\/livortho.ch\\\/#website\"},\"datePublished\":\"2024-07-08T12:17:58+00:00\",\"dateModified\":\"2024-08-23T07:30:06+00:00\",\"description\":\"D\u00e9couvrez le Centre Ost\u00e9o Articulaire, sp\u00e9cialis\u00e9 en chirurgie orthop\u00e9dique du membre inf\u00e9rieur et en m\u00e9decine du sport. Nous acceptons de nouveaux patients et offrons des soins experts pour vos pathologies ost\u00e9o-articulaires.\",\"breadcrumb\":{\"@id\":\"https:\\\/\\\/livortho.ch\\\/nouveau-patient\\\/#breadcrumb\"},\"inLanguage\":\"en-GB\",\"potentialAction\":[{\"@type\":\"ReadAction\",\"target\":[\"https:\\\/\\\/livortho.ch\\\/nouveau-patient\\\/\"]}]},{\"@type\":\"BreadcrumbList\",\"@id\":\"https:\\\/\\\/livortho.ch\\\/nouveau-patient\\\/#breadcrumb\",\"itemListElement\":[{\"@type\":\"ListItem\",\"position\":1,\"name\":\"Accueil\",\"item\":\"https:\\\/\\\/livortho.ch\\\/\"},{\"@type\":\"ListItem\",\"position\":2,\"name\":\"Nouveau patient\"}]},{\"@type\":\"WebSite\",\"@id\":\"https:\\\/\\\/livortho.ch\\\/#website\",\"url\":\"https:\\\/\\\/livortho.ch\\\/\",\"name\":\"Liv Ortho\",\"description\":\"\",\"potentialAction\":[{\"@type\":\"SearchAction\",\"target\":{\"@type\":\"EntryPoint\",\"urlTemplate\":\"https:\\\/\\\/livortho.ch\\\/?s={search_term_string}\"},\"query-input\":{\"@type\":\"PropertyValueSpecification\",\"valueRequired\":true,\"valueName\":\"search_term_string\"}}],\"inLanguage\":\"en-GB\"}]}<\/script>\n<!-- \/ Yoast SEO plugin. -->","yoast_head_json":{"title":"Nouveau patient - Liv Ortho","description":"D\u00e9couvrez le Centre Ost\u00e9o Articulaire, sp\u00e9cialis\u00e9 en chirurgie orthop\u00e9dique du membre inf\u00e9rieur et en m\u00e9decine du sport. Nous acceptons de nouveaux patients et offrons des soins experts pour vos pathologies ost\u00e9o-articulaires.","robots":{"index":"index","follow":"follow","max-snippet":"max-snippet:-1","max-image-preview":"max-image-preview:large","max-video-preview":"max-video-preview:-1"},"canonical":"https:\/\/livortho.ch\/en\/nouveau-patient\/","og_locale":"en_GB","og_type":"article","og_title":"Nouveau patient - Liv Ortho","og_description":"D\u00e9couvrez le Centre Ost\u00e9o Articulaire, sp\u00e9cialis\u00e9 en chirurgie orthop\u00e9dique du membre inf\u00e9rieur et en m\u00e9decine du sport. Nous acceptons de nouveaux patients et offrons des soins experts pour vos pathologies ost\u00e9o-articulaires.","og_url":"https:\/\/livortho.ch\/en\/nouveau-patient\/","og_site_name":"Liv Ortho","article_modified_time":"2024-08-23T07:30:06+00:00","twitter_card":"summary_large_image","twitter_misc":{"Estimated reading time":"2 minutes"},"schema":{"@context":"https:\/\/schema.org","@graph":[{"@type":"WebPage","@id":"https:\/\/livortho.ch\/nouveau-patient\/","url":"https:\/\/livortho.ch\/nouveau-patient\/","name":"Nouveau patient - Liv Ortho","isPartOf":{"@id":"https:\/\/livortho.ch\/#website"},"datePublished":"2024-07-08T12:17:58+00:00","dateModified":"2024-08-23T07:30:06+00:00","description":"D\u00e9couvrez le Centre Ost\u00e9o Articulaire, sp\u00e9cialis\u00e9 en chirurgie orthop\u00e9dique du membre inf\u00e9rieur et en m\u00e9decine du sport. Nous acceptons de nouveaux patients et offrons des soins experts pour vos pathologies ost\u00e9o-articulaires.","breadcrumb":{"@id":"https:\/\/livortho.ch\/nouveau-patient\/#breadcrumb"},"inLanguage":"en-GB","potentialAction":[{"@type":"ReadAction","target":["https:\/\/livortho.ch\/nouveau-patient\/"]}]},{"@type":"BreadcrumbList","@id":"https:\/\/livortho.ch\/nouveau-patient\/#breadcrumb","itemListElement":[{"@type":"ListItem","position":1,"name":"Accueil","item":"https:\/\/livortho.ch\/"},{"@type":"ListItem","position":2,"name":"Nouveau patient"}]},{"@type":"WebSite","@id":"https:\/\/livortho.ch\/#website","url":"https:\/\/livortho.ch\/","name":"Liv Ortho","description":"","potentialAction":[{"@type":"SearchAction","target":{"@type":"EntryPoint","urlTemplate":"https:\/\/livortho.ch\/?s={search_term_string}"},"query-input":{"@type":"PropertyValueSpecification","valueRequired":true,"valueName":"search_term_string"}}],"inLanguage":"en-GB"}]}},"_links":{"self":[{"href":"https:\/\/livortho.ch\/en\/wp-json\/wp\/v2\/pages\/29023","targetHints":{"allow":["GET"]}}],"collection":[{"href":"https:\/\/livortho.ch\/en\/wp-json\/wp\/v2\/pages"}],"about":[{"href":"https:\/\/livortho.ch\/en\/wp-json\/wp\/v2\/types\/page"}],"author":[{"embeddable":true,"href":"https:\/\/livortho.ch\/en\/wp-json\/wp\/v2\/users\/4"}],"replies":[{"embeddable":true,"href":"https:\/\/livortho.ch\/en\/wp-json\/wp\/v2\/comments?post=29023"}],"version-history":[{"count":17,"href":"https:\/\/livortho.ch\/en\/wp-json\/wp\/v2\/pages\/29023\/revisions"}],"predecessor-version":[{"id":30078,"href":"https:\/\/livortho.ch\/en\/wp-json\/wp\/v2\/pages\/29023\/revisions\/30078"}],"wp:attachment":[{"href":"https:\/\/livortho.ch\/en\/wp-json\/wp\/v2\/media?parent=29023"}],"curies":[{"name":"wp","href":"https:\/\/api.w.org\/{rel}","templated":true}]}}