{"id":29037,"date":"2024-07-08T14:20:14","date_gmt":"2024-07-08T12:20:14","guid":{"rendered":"https:\/\/centreliv.yetinc.ch\/?page_id=29037"},"modified":"2024-09-19T14:31:21","modified_gmt":"2024-09-19T12:31:21","slug":"equipe","status":"publish","type":"page","link":"https:\/\/livortho.ch\/en\/entreprise\/equipe\/","title":{"rendered":"Equipe"},"content":{"rendered":"<p>[et_pb_section fb_built=\u00a0\u00bb1&Prime; _builder_version=\u00a0\u00bb4.26.1&Prime; _module_preset=\u00a0\u00bbdefault\u00a0\u00bb background_color=\u00a0\u00bb#000000&Prime; custom_padding=\u00a0\u00bb10px||10px||false|false\u00a0\u00bb global_colors_info=\u00a0\u00bb{}\u00a0\u00bb][et_pb_row column_structure=\u00a0\u00bb1_2,1_2&Prime; _builder_version=\u00a0\u00bb4.26.1&Prime; _module_preset=\u00a0\u00bbdefault\u00a0\u00bb background_color=\u00a0\u00bb#1b2e44&Prime; width=\u00a0\u00bb99%\u00a0\u00bb max_width=\u00a0\u00bb2560px\u00a0\u00bb module_alignment=\u00a0\u00bbright\u00a0\u00bb custom_padding=\u00a0\u00bb6vh||6vh||true|false\u00a0\u00bb border_radii=\u00a0\u00bboff|45px|||45px\u00a0\u00bb global_colors_info=\u00a0\u00bb{}\u00a0\u00bb][et_pb_column type=\u00a0\u00bb1_2&Prime; _builder_version=\u00a0\u00bb4.26.0&Prime; _module_preset=\u00a0\u00bbdefault\u00a0\u00bb global_colors_info=\u00a0\u00bb{}\u00a0\u00bb][et_pb_text _builder_version=\u00a0\u00bb4.26.1&Prime; _module_preset=\u00a0\u00bbdefault\u00a0\u00bb header_font_size=\u00a0\u00bb42px\u00a0\u00bb custom_margin=\u00a0\u00bb25vh||2vh|10vh|false|false\u00a0\u00bb custom_margin_tablet=\u00a0\u00bb25vh||2vh|10vh|false|false\u00a0\u00bb custom_margin_phone=\u00a0\u00bb21vh||2vh|2vh|false|false\u00a0\u00bb custom_margin_last_edited=\u00a0\u00bbon|phone\u00a0\u00bb header_font_size_tablet=\u00a0\u00bb42px\u00a0\u00bb global_colors_info=\u00a0\u00bb{}\u00a0\u00bb]<\/p>\n<h1><span style=\"color: #ffffff;\">Notre \u00e9quipe<\/span><\/h1>\n<p>[\/et_pb_text][et_pb_divider color=\u00a0\u00bb#FFFFFF\u00a0\u00bb divider_weight=\u00a0\u00bb3px\u00a0\u00bb _builder_version=\u00a0\u00bb4.26.1&Prime; _module_preset=\u00a0\u00bbdefault\u00a0\u00bb max_width=\u00a0\u00bb75%\u00a0\u00bb custom_margin=\u00a0\u00bb||14vh|10vh|false|false\u00a0\u00bb custom_margin_tablet=\u00a0\u00bb||2vh|10vh|false|false\u00a0\u00bb custom_margin_phone=\u00a0\u00bb||0vh|2vh|false|false\u00a0\u00bb custom_margin_last_edited=\u00a0\u00bbon|phone\u00a0\u00bb global_colors_info=\u00a0\u00bb{}\u00a0\u00bb][\/et_pb_divider][\/et_pb_column][et_pb_column type=\u00a0\u00bb1_2&Prime; _builder_version=\u00a0\u00bb4.26.0&Prime; _module_preset=\u00a0\u00bbdefault\u00a0\u00bb global_colors_info=\u00a0\u00bb{}\u00a0\u00bb][et_pb_image src=\u00a0\u00bbhttps:\/\/livortho.ch\/wp-content\/uploads\/2024\/07\/equipe7_rec.jpg\u00a0\u00bb title_text=\u00a0\u00bbequipe7_rec\u00a0\u00bb _builder_version=\u00a0\u00bb4.26.1&Prime; _module_preset=\u00a0\u00bbdefault\u00a0\u00bb custom_margin_tablet=\u00a0\u00bb\u00a0\u00bb custom_margin_phone=\u00a0\u00bb||13vh|2vh|false|false\u00a0\u00bb custom_margin_last_edited=\u00a0\u00bbon|phone\u00a0\u00bb border_radii=\u00a0\u00bboff|45px|||45px\u00a0\u00bb global_colors_info=\u00a0\u00bb{}\u00a0\u00bb][\/et_pb_image][\/et_pb_column][\/et_pb_row][\/et_pb_section][et_pb_section fb_built=\u00a0\u00bb1&Prime; _builder_version=\u00a0\u00bb4.26.1&Prime; _module_preset=\u00a0\u00bbdefault\u00a0\u00bb background_color=\u00a0\u00bb#000000&Prime; custom_padding=\u00a0\u00bb10px||10px||false|false\u00a0\u00bb global_colors_info=\u00a0\u00bb{}\u00a0\u00bb][et_pb_row column_structure=\u00a0\u00bb1_4,1_4,1_4,1_4&Prime; custom_padding_last_edited=\u00a0\u00bbon|phone\u00a0\u00bb _builder_version=\u00a0\u00bb4.26.1&Prime; _module_preset=\u00a0\u00bbdefault\u00a0\u00bb background_color=\u00a0\u00bb#202020&Prime; width=\u00a0\u00bb99%\u00a0\u00bb max_width=\u00a0\u00bb2560px\u00a0\u00bb module_alignment=\u00a0\u00bbright\u00a0\u00bb custom_margin=\u00a0\u00bb||0px||false|false\u00a0\u00bb custom_margin_tablet=\u00a0\u00bb||0px||false|false\u00a0\u00bb custom_margin_phone=\u00a0\u00bb||0px||false|false\u00a0\u00bb custom_margin_last_edited=\u00a0\u00bbon|phone\u00a0\u00bb custom_padding=\u00a0\u00bb10vh|10vh||10vh|false|false\u00a0\u00bb custom_padding_tablet=\u00a0\u00bb10vh|10vh||10vh|false|false\u00a0\u00bb custom_padding_phone=\u00a0\u00bb10vh|5vh|0px|5vh|false|true\u00a0\u00bb border_radii=\u00a0\u00bboff|45px|||\u00a0\u00bb global_colors_info=\u00a0\u00bb{}\u00a0\u00bb][et_pb_column type=\u00a0\u00bb1_4&Prime; _builder_version=\u00a0\u00bb4.26.0&Prime; _module_preset=\u00a0\u00bbdefault\u00a0\u00bb global_colors_info=\u00a0\u00bb{}\u00a0\u00bb][et_pb_image src=\u00a0\u00bbhttps:\/\/livortho.ch\/wp-content\/uploads\/2024\/07\/Villa.jpg\u00a0\u00bb title_text=\u00a0\u00bbVilla\u00a0\u00bb _builder_version=\u00a0\u00bb4.26.1&Prime; _module_preset=\u00a0\u00bbdefault\u00a0\u00bb custom_margin=\u00a0\u00bb||2vh||false|false\u00a0\u00bb border_radii=\u00a0\u00bbon|45px|45px|45px|45px\u00a0\u00bb global_colors_info=\u00a0\u00bb{}\u00a0\u00bb][\/et_pb_image][et_pb_text _builder_version=\u00a0\u00bb4.27.0&Prime; _module_preset=\u00a0\u00bbdefault\u00a0\u00bb text_font_size=\u00a0\u00bb17px\u00a0\u00bb custom_margin=\u00a0\u00bb||5vh|2vh|false|false\u00a0\u00bb custom_margin_tablet=\u00a0\u00bb||5vh|10vh|false|false\u00a0\u00bb custom_margin_phone=\u00a0\u00bb|||2vh|false|false\u00a0\u00bb custom_margin_last_edited=\u00a0\u00bbon|phone\u00a0\u00bb global_colors_info=\u00a0\u00bb{}\u00a0\u00bb]<span style=\"color: #ffffff;\"><strong>Dr. m\u00e9d Vincent Villa (FMH)<\/strong><br \/>\nDirecteur m\u00e9dical<br \/>\nChirurgien orthop\u00e9diste et traumatologue<br \/>\nSport et Arthrose<\/span>[\/et_pb_text][\/et_pb_column][et_pb_column type=\u00a0\u00bb1_4&Prime; _builder_version=\u00a0\u00bb4.26.0&Prime; _module_preset=\u00a0\u00bbdefault\u00a0\u00bb global_colors_info=\u00a0\u00bb{}\u00a0\u00bb][et_pb_image src=\u00a0\u00bbhttps:\/\/livortho.ch\/wp-content\/uploads\/2024\/07\/Eva_det.png\u00a0\u00bb title_text=\u00a0\u00bbEva_det\u00a0\u00bb _builder_version=\u00a0\u00bb4.26.1&Prime; _module_preset=\u00a0\u00bbdefault\u00a0\u00bb custom_margin=\u00a0\u00bb||2vh||false|false\u00a0\u00bb border_radii=\u00a0\u00bbon|45px|45px|45px|45px\u00a0\u00bb global_colors_info=\u00a0\u00bb{}\u00a0\u00bb][\/et_pb_image][et_pb_text _builder_version=\u00a0\u00bb4.27.0&Prime; _module_preset=\u00a0\u00bbdefault\u00a0\u00bb text_font_size=\u00a0\u00bb17px\u00a0\u00bb custom_margin=\u00a0\u00bb||5vh|2vh|false|false\u00a0\u00bb custom_margin_tablet=\u00a0\u00bb||5vh|10vh|false|false\u00a0\u00bb custom_margin_phone=\u00a0\u00bb|||2vh|false|false\u00a0\u00bb custom_margin_last_edited=\u00a0\u00bbon|phone\u00a0\u00bb global_colors_info=\u00a0\u00bb{}\u00a0\u00bb]<span style=\"color: #ffffff;\"><strong>Eva Martinez<\/strong><br \/>\nDirectrice Op\u00e9rationnelle<\/span>[\/et_pb_text][\/et_pb_column][et_pb_column type=\u00a0\u00bb1_4&Prime; _builder_version=\u00a0\u00bb4.26.1&Prime; _module_preset=\u00a0\u00bbdefault\u00a0\u00bb custom_padding_tablet=\u00a0\u00bb\u00a0\u00bb custom_padding_phone=\u00a0\u00bb0px|0px|0px|0px|true|true\u00a0\u00bb custom_padding_last_edited=\u00a0\u00bbon|phone\u00a0\u00bb global_colors_info=\u00a0\u00bb{}\u00a0\u00bb][et_pb_image src=\u00a0\u00bbhttps:\/\/livortho.ch\/wp-content\/uploads\/2024\/07\/aaa.jpg\u00a0\u00bb title_text=\u00a0\u00bbaaa\u00a0\u00bb _builder_version=\u00a0\u00bb4.26.1&Prime; _module_preset=\u00a0\u00bbdefault\u00a0\u00bb custom_margin=\u00a0\u00bb||2vh||false|false\u00a0\u00bb border_radii=\u00a0\u00bbon|45px|45px|45px|45px\u00a0\u00bb global_colors_info=\u00a0\u00bb{}\u00a0\u00bb][\/et_pb_image][et_pb_text _builder_version=\u00a0\u00bb4.27.0&Prime; _module_preset=\u00a0\u00bbdefault\u00a0\u00bb text_font_size=\u00a0\u00bb17px\u00a0\u00bb custom_margin=\u00a0\u00bb||5vh|2vh|false|false\u00a0\u00bb custom_margin_tablet=\u00a0\u00bb||5vh|10vh|false|false\u00a0\u00bb custom_margin_phone=\u00a0\u00bb|||2vh|false|false\u00a0\u00bb custom_margin_last_edited=\u00a0\u00bbon|phone\u00a0\u00bb global_colors_info=\u00a0\u00bb{}\u00a0\u00bb]<span style=\"color: #ffffff;\"><strong>Leila<\/strong><br \/>\nResponsable d&rsquo;\u00e9quipe<\/span>[\/et_pb_text][\/et_pb_column][et_pb_column type=\u00a0\u00bb1_4&Prime; _builder_version=\u00a0\u00bb4.26.1&Prime; _module_preset=\u00a0\u00bbdefault\u00a0\u00bb custom_padding_tablet=\u00a0\u00bb\u00a0\u00bb custom_padding_phone=\u00a0\u00bb0px|0px|0px|0px|true|true\u00a0\u00bb custom_padding_last_edited=\u00a0\u00bbon|phone\u00a0\u00bb global_colors_info=\u00a0\u00bb{}\u00a0\u00bb][\/et_pb_column][\/et_pb_row][et_pb_row column_structure=\u00a0\u00bb1_4,1_4,1_4,1_4&Prime; custom_padding_last_edited=\u00a0\u00bbon|phone\u00a0\u00bb _builder_version=\u00a0\u00bb4.27.0&Prime; _module_preset=\u00a0\u00bbdefault\u00a0\u00bb background_color=\u00a0\u00bb#202020&Prime; width=\u00a0\u00bb99%\u00a0\u00bb max_width=\u00a0\u00bb2560px\u00a0\u00bb module_alignment=\u00a0\u00bbright\u00a0\u00bb custom_margin=\u00a0\u00bb||||false|false\u00a0\u00bb custom_margin_tablet=\u00a0\u00bb||||false|false\u00a0\u00bb custom_margin_phone=\u00a0\u00bb-100px||||false|false\u00a0\u00bb custom_margin_last_edited=\u00a0\u00bbon|phone\u00a0\u00bb custom_padding=\u00a0\u00bb|10vh||10vh|false|false\u00a0\u00bb custom_padding_tablet=\u00a0\u00bb|10vh||10vh|false|false\u00a0\u00bb custom_padding_phone=\u00a0\u00bb|5vh||5vh|false|true\u00a0\u00bb border_radii=\u00a0\u00bboff||||45px\u00a0\u00bb global_colors_info=\u00a0\u00bb{}\u00a0\u00bb][et_pb_column type=\u00a0\u00bb1_4&Prime; _builder_version=\u00a0\u00bb4.26.0&Prime; _module_preset=\u00a0\u00bbdefault\u00a0\u00bb global_colors_info=\u00a0\u00bb{}\u00a0\u00bb][et_pb_image src=\u00a0\u00bbhttps:\/\/livortho.ch\/wp-content\/uploads\/2024\/09\/bri.jpg\u00a0\u00bb title_text=\u00a0\u00bbbri\u00a0\u00bb _builder_version=\u00a0\u00bb4.27.0&Prime; _module_preset=\u00a0\u00bbdefault\u00a0\u00bb custom_margin=\u00a0\u00bb||2vh||false|false\u00a0\u00bb hover_enabled=\u00a0\u00bb0&Prime; border_radii=\u00a0\u00bbon|45px|45px|45px|45px\u00a0\u00bb global_colors_info=\u00a0\u00bb{}\u00a0\u00bb sticky_enabled=\u00a0\u00bb0&Prime;][\/et_pb_image][et_pb_text _builder_version=\u00a0\u00bb4.26.1&Prime; _module_preset=\u00a0\u00bbdefault\u00a0\u00bb text_font_size=\u00a0\u00bb17px\u00a0\u00bb custom_margin=\u00a0\u00bb||5vh|2vh|false|false\u00a0\u00bb custom_margin_tablet=\u00a0\u00bb||5vh|10vh|false|false\u00a0\u00bb custom_margin_phone=\u00a0\u00bb|||2vh|false|false\u00a0\u00bb custom_margin_last_edited=\u00a0\u00bbon|phone\u00a0\u00bb global_colors_info=\u00a0\u00bb{}\u00a0\u00bb]<\/p>\n<p><span style=\"color: #ffffff;\"><strong>Brigitte<\/strong><br \/>Assistante m\u00e9dicale<\/span><\/p>\n<p>[\/et_pb_text][\/et_pb_column][et_pb_column type=\u00a0\u00bb1_4&Prime; _builder_version=\u00a0\u00bb4.26.0&Prime; _module_preset=\u00a0\u00bbdefault\u00a0\u00bb global_colors_info=\u00a0\u00bb{}\u00a0\u00bb][et_pb_image src=\u00a0\u00bbhttps:\/\/livortho.ch\/wp-content\/uploads\/2024\/09\/art.jpg\u00a0\u00bb title_text=\u00a0\u00bbart\u00a0\u00bb _builder_version=\u00a0\u00bb4.27.0&Prime; _module_preset=\u00a0\u00bbdefault\u00a0\u00bb custom_margin=\u00a0\u00bb||2vh||false|false\u00a0\u00bb hover_enabled=\u00a0\u00bb0&Prime; border_radii=\u00a0\u00bbon|45px|45px|45px|45px\u00a0\u00bb global_colors_info=\u00a0\u00bb{}\u00a0\u00bb sticky_enabled=\u00a0\u00bb0&Prime;][\/et_pb_image][et_pb_text _builder_version=\u00a0\u00bb4.26.1&Prime; _module_preset=\u00a0\u00bbdefault\u00a0\u00bb text_font_size=\u00a0\u00bb17px\u00a0\u00bb custom_margin=\u00a0\u00bb||5vh|2vh|false|false\u00a0\u00bb custom_margin_tablet=\u00a0\u00bb||5vh|10vh|false|false\u00a0\u00bb custom_margin_phone=\u00a0\u00bb|||2vh|false|false\u00a0\u00bb custom_margin_last_edited=\u00a0\u00bbon|phone\u00a0\u00bb global_colors_info=\u00a0\u00bb{}\u00a0\u00bb]<\/p>\n<p><strong><span style=\"color: #ffffff;\">Arthur Seban<\/span><\/strong><br \/><span style=\"color: #ffffff;\">Sp\u00e9cialiste en drainage lymphatique et masseur th\u00e9rapeutique<\/span><\/p>\n<p>[\/et_pb_text][\/et_pb_column][et_pb_column type=\u00a0\u00bb1_4&Prime; _builder_version=\u00a0\u00bb4.26.0&Prime; _module_preset=\u00a0\u00bbdefault\u00a0\u00bb global_colors_info=\u00a0\u00bb{}\u00a0\u00bb][et_pb_image src=\u00a0\u00bbhttps:\/\/livortho.ch\/wp-content\/uploads\/2024\/09\/da.jpg\u00a0\u00bb title_text=\u00a0\u00bbda\u00a0\u00bb _builder_version=\u00a0\u00bb4.27.0&Prime; _module_preset=\u00a0\u00bbdefault\u00a0\u00bb custom_margin=\u00a0\u00bb||2vh||false|false\u00a0\u00bb hover_enabled=\u00a0\u00bb0&Prime; border_radii=\u00a0\u00bbon|45px|45px|45px|45px\u00a0\u00bb global_colors_info=\u00a0\u00bb{}\u00a0\u00bb sticky_enabled=\u00a0\u00bb0&Prime;][\/et_pb_image][et_pb_text _builder_version=\u00a0\u00bb4.27.0&Prime; _module_preset=\u00a0\u00bbdefault\u00a0\u00bb text_font_size=\u00a0\u00bb17px\u00a0\u00bb custom_margin=\u00a0\u00bb||5vh|2vh|false|false\u00a0\u00bb custom_margin_tablet=\u00a0\u00bb||5vh|10vh|false|false\u00a0\u00bb custom_margin_phone=\u00a0\u00bb|||2vh|false|false\u00a0\u00bb custom_margin_last_edited=\u00a0\u00bbon|phone\u00a0\u00bb global_colors_info=\u00a0\u00bb{}\u00a0\u00bb]<span style=\"color: #ffffff;\"><strong>Daniela<\/strong><br \/>\nAide-m\u00e9dicale<\/span>[\/et_pb_text][\/et_pb_column][et_pb_column type=\u00a0\u00bb1_4&Prime; _builder_version=\u00a0\u00bb4.26.0&Prime; _module_preset=\u00a0\u00bbdefault\u00a0\u00bb global_colors_info=\u00a0\u00bb{}\u00a0\u00bb][\/et_pb_column][\/et_pb_row][\/et_pb_section]<\/p>\n","protected":false},"excerpt":{"rendered":"<p>Notre \u00e9quipeDr. m\u00e9d Vincent Villa (FMH) Directeur m\u00e9dical Chirurgien orthop\u00e9diste et traumatologue Sport et ArthroseEva Martinez Directrice Op\u00e9rationnelleLeila Responsable d&rsquo;\u00e9quipeBrigitteAssistante m\u00e9dicaleArthur SebanSp\u00e9cialiste en drainage lymphatique et masseur th\u00e9rapeutiqueDaniela Aide-m\u00e9dicale<\/p>","protected":false},"author":4,"featured_media":0,"parent":29033,"menu_order":0,"comment_status":"closed","ping_status":"closed","template":"","meta":{"_et_pb_use_builder":"on","_et_pb_old_content":"","_et_gb_content_width":"","footnotes":""},"class_list":["post-29037","page","type-page","status-publish","hentry"],"yoast_head":"<!-- This site is optimized with the Yoast SEO plugin v27.6 - https:\/\/yoast.com\/product\/yoast-seo-wordpress\/ -->\n<title>Equipe - Liv Ortho<\/title>\n<meta name=\"description\" content=\"Rencontrez l&#039;\u00e9quipe d\u00e9vou\u00e9e de LIV ORTHO, compos\u00e9e de sp\u00e9cialistes en chirurgie orthop\u00e9dique et en m\u00e9decine du sport. D\u00e9couvrez les experts qui vous accompagnent pour un traitement personnalis\u00e9 et de qualit\u00e9.\" \/>\n<meta name=\"robots\" content=\"index, follow, max-snippet:-1, max-image-preview:large, max-video-preview:-1\" \/>\n<link rel=\"canonical\" href=\"https:\/\/livortho.ch\/en\/entreprise\/equipe\/\" \/>\n<meta property=\"og:locale\" content=\"en_GB\" \/>\n<meta property=\"og:type\" content=\"article\" \/>\n<meta property=\"og:title\" content=\"Equipe - Liv Ortho\" \/>\n<meta property=\"og:description\" content=\"Rencontrez l&#039;\u00e9quipe d\u00e9vou\u00e9e de LIV ORTHO, compos\u00e9e de sp\u00e9cialistes en chirurgie orthop\u00e9dique et en m\u00e9decine du sport. D\u00e9couvrez les experts qui vous accompagnent pour un traitement personnalis\u00e9 et de qualit\u00e9.\" \/>\n<meta property=\"og:url\" content=\"https:\/\/livortho.ch\/en\/entreprise\/equipe\/\" \/>\n<meta property=\"og:site_name\" content=\"Liv Ortho\" \/>\n<meta property=\"article:modified_time\" content=\"2024-09-19T12:31:21+00:00\" \/>\n<meta name=\"twitter:card\" content=\"summary_large_image\" \/>\n<meta name=\"twitter:label1\" content=\"Estimated reading time\" \/>\n\t<meta name=\"twitter:data1\" content=\"2 minutes\" \/>\n<script type=\"application\/ld+json\" class=\"yoast-schema-graph\">{\"@context\":\"https:\\\/\\\/schema.org\",\"@graph\":[{\"@type\":\"WebPage\",\"@id\":\"https:\\\/\\\/livortho.ch\\\/entreprise\\\/equipe\\\/\",\"url\":\"https:\\\/\\\/livortho.ch\\\/entreprise\\\/equipe\\\/\",\"name\":\"Equipe - Liv Ortho\",\"isPartOf\":{\"@id\":\"https:\\\/\\\/livortho.ch\\\/#website\"},\"datePublished\":\"2024-07-08T12:20:14+00:00\",\"dateModified\":\"2024-09-19T12:31:21+00:00\",\"description\":\"Rencontrez l'\u00e9quipe d\u00e9vou\u00e9e de LIV ORTHO, compos\u00e9e de sp\u00e9cialistes en chirurgie orthop\u00e9dique et en m\u00e9decine du sport. D\u00e9couvrez les experts qui vous accompagnent pour un traitement personnalis\u00e9 et de qualit\u00e9.\",\"breadcrumb\":{\"@id\":\"https:\\\/\\\/livortho.ch\\\/entreprise\\\/equipe\\\/#breadcrumb\"},\"inLanguage\":\"en-GB\",\"potentialAction\":[{\"@type\":\"ReadAction\",\"target\":[\"https:\\\/\\\/livortho.ch\\\/entreprise\\\/equipe\\\/\"]}]},{\"@type\":\"BreadcrumbList\",\"@id\":\"https:\\\/\\\/livortho.ch\\\/entreprise\\\/equipe\\\/#breadcrumb\",\"itemListElement\":[{\"@type\":\"ListItem\",\"position\":1,\"name\":\"Accueil\",\"item\":\"https:\\\/\\\/livortho.ch\\\/\"},{\"@type\":\"ListItem\",\"position\":2,\"name\":\"Entreprise\",\"item\":\"https:\\\/\\\/livortho.ch\\\/entreprise\\\/\"},{\"@type\":\"ListItem\",\"position\":3,\"name\":\"Equipe\"}]},{\"@type\":\"WebSite\",\"@id\":\"https:\\\/\\\/livortho.ch\\\/#website\",\"url\":\"https:\\\/\\\/livortho.ch\\\/\",\"name\":\"Liv Ortho\",\"description\":\"\",\"potentialAction\":[{\"@type\":\"SearchAction\",\"target\":{\"@type\":\"EntryPoint\",\"urlTemplate\":\"https:\\\/\\\/livortho.ch\\\/?s={search_term_string}\"},\"query-input\":{\"@type\":\"PropertyValueSpecification\",\"valueRequired\":true,\"valueName\":\"search_term_string\"}}],\"inLanguage\":\"en-GB\"}]}<\/script>\n<!-- \/ Yoast SEO plugin. -->","yoast_head_json":{"title":"Equipe - Liv Ortho","description":"Rencontrez l'\u00e9quipe d\u00e9vou\u00e9e de LIV ORTHO, compos\u00e9e de sp\u00e9cialistes en chirurgie orthop\u00e9dique et en m\u00e9decine du sport. D\u00e9couvrez les experts qui vous accompagnent pour un traitement personnalis\u00e9 et de qualit\u00e9.","robots":{"index":"index","follow":"follow","max-snippet":"max-snippet:-1","max-image-preview":"max-image-preview:large","max-video-preview":"max-video-preview:-1"},"canonical":"https:\/\/livortho.ch\/en\/entreprise\/equipe\/","og_locale":"en_GB","og_type":"article","og_title":"Equipe - Liv Ortho","og_description":"Rencontrez l'\u00e9quipe d\u00e9vou\u00e9e de LIV ORTHO, compos\u00e9e de sp\u00e9cialistes en chirurgie orthop\u00e9dique et en m\u00e9decine du sport. D\u00e9couvrez les experts qui vous accompagnent pour un traitement personnalis\u00e9 et de qualit\u00e9.","og_url":"https:\/\/livortho.ch\/en\/entreprise\/equipe\/","og_site_name":"Liv Ortho","article_modified_time":"2024-09-19T12:31:21+00:00","twitter_card":"summary_large_image","twitter_misc":{"Estimated reading time":"2 minutes"},"schema":{"@context":"https:\/\/schema.org","@graph":[{"@type":"WebPage","@id":"https:\/\/livortho.ch\/entreprise\/equipe\/","url":"https:\/\/livortho.ch\/entreprise\/equipe\/","name":"Equipe - Liv Ortho","isPartOf":{"@id":"https:\/\/livortho.ch\/#website"},"datePublished":"2024-07-08T12:20:14+00:00","dateModified":"2024-09-19T12:31:21+00:00","description":"Rencontrez l'\u00e9quipe d\u00e9vou\u00e9e de LIV ORTHO, compos\u00e9e de sp\u00e9cialistes en chirurgie orthop\u00e9dique et en m\u00e9decine du sport. D\u00e9couvrez les experts qui vous accompagnent pour un traitement personnalis\u00e9 et de qualit\u00e9.","breadcrumb":{"@id":"https:\/\/livortho.ch\/entreprise\/equipe\/#breadcrumb"},"inLanguage":"en-GB","potentialAction":[{"@type":"ReadAction","target":["https:\/\/livortho.ch\/entreprise\/equipe\/"]}]},{"@type":"BreadcrumbList","@id":"https:\/\/livortho.ch\/entreprise\/equipe\/#breadcrumb","itemListElement":[{"@type":"ListItem","position":1,"name":"Accueil","item":"https:\/\/livortho.ch\/"},{"@type":"ListItem","position":2,"name":"Entreprise","item":"https:\/\/livortho.ch\/entreprise\/"},{"@type":"ListItem","position":3,"name":"Equipe"}]},{"@type":"WebSite","@id":"https:\/\/livortho.ch\/#website","url":"https:\/\/livortho.ch\/","name":"Liv Ortho","description":"","potentialAction":[{"@type":"SearchAction","target":{"@type":"EntryPoint","urlTemplate":"https:\/\/livortho.ch\/?s={search_term_string}"},"query-input":{"@type":"PropertyValueSpecification","valueRequired":true,"valueName":"search_term_string"}}],"inLanguage":"en-GB"}]}},"_links":{"self":[{"href":"https:\/\/livortho.ch\/en\/wp-json\/wp\/v2\/pages\/29037","targetHints":{"allow":["GET"]}}],"collection":[{"href":"https:\/\/livortho.ch\/en\/wp-json\/wp\/v2\/pages"}],"about":[{"href":"https:\/\/livortho.ch\/en\/wp-json\/wp\/v2\/types\/page"}],"author":[{"embeddable":true,"href":"https:\/\/livortho.ch\/en\/wp-json\/wp\/v2\/users\/4"}],"replies":[{"embeddable":true,"href":"https:\/\/livortho.ch\/en\/wp-json\/wp\/v2\/comments?post=29037"}],"version-history":[{"count":13,"href":"https:\/\/livortho.ch\/en\/wp-json\/wp\/v2\/pages\/29037\/revisions"}],"predecessor-version":[{"id":30176,"href":"https:\/\/livortho.ch\/en\/wp-json\/wp\/v2\/pages\/29037\/revisions\/30176"}],"up":[{"embeddable":true,"href":"https:\/\/livortho.ch\/en\/wp-json\/wp\/v2\/pages\/29033"}],"wp:attachment":[{"href":"https:\/\/livortho.ch\/en\/wp-json\/wp\/v2\/media?parent=29037"}],"curies":[{"name":"wp","href":"https:\/\/api.w.org\/{rel}","templated":true}]}}