{"id":29039,"date":"2024-07-08T14:20:29","date_gmt":"2024-07-08T12:20:29","guid":{"rendered":"https:\/\/centreliv.yetinc.ch\/?page_id=29039"},"modified":"2024-08-23T08:42:09","modified_gmt":"2024-08-23T06:42:09","slug":"contact","status":"publish","type":"page","link":"https:\/\/livortho.ch\/en\/entreprise\/contact\/","title":{"rendered":"Contact"},"content":{"rendered":"\n[et_pb_section fb_built=\u00a0\u00bb1&Prime; _builder_version=\u00a0\u00bb4.26.0&Prime; _module_preset=\u00a0\u00bbdefault\u00a0\u00bb background_color=\u00a0\u00bb#000000&Prime; custom_padding=\u00a0\u00bb10px||10px||false|false\u00a0\u00bb global_colors_info=\u00a0\u00bb{}\u00a0\u00bb][et_pb_row column_structure=\u00a0\u00bb1_2,1_2&Prime; _builder_version=\u00a0\u00bb4.26.0&Prime; _module_preset=\u00a0\u00bbdefault\u00a0\u00bb background_color=\u00a0\u00bb#1b2e44&Prime; width=\u00a0\u00bb99%\u00a0\u00bb max_width=\u00a0\u00bb2560px\u00a0\u00bb module_alignment=\u00a0\u00bbright\u00a0\u00bb border_radii=\u00a0\u00bboff|45px|||45px\u00a0\u00bb global_colors_info=\u00a0\u00bb{}\u00a0\u00bb][et_pb_column type=\u00a0\u00bb1_2&Prime; _builder_version=\u00a0\u00bb4.26.0&Prime; _module_preset=\u00a0\u00bbdefault\u00a0\u00bb global_colors_info=\u00a0\u00bb{}\u00a0\u00bb][et_pb_text _builder_version=\u00a0\u00bb4.26.1&Prime; _module_preset=\u00a0\u00bbdefault\u00a0\u00bb header_font_size=\u00a0\u00bb42px\u00a0\u00bb custom_margin=\u00a0\u00bb25vh||2vh|10vh|false|false\u00a0\u00bb custom_margin_tablet=\u00a0\u00bb25vh||2vh|10vh|false|false\u00a0\u00bb custom_margin_phone=\u00a0\u00bb25vh||2vh|2vh|false|false\u00a0\u00bb custom_margin_last_edited=\u00a0\u00bbon|phone\u00a0\u00bb hover_enabled=\u00a0\u00bb0&Prime; header_font_size_tablet=\u00a0\u00bb42px\u00a0\u00bb global_colors_info=\u00a0\u00bb{}\u00a0\u00bb sticky_enabled=\u00a0\u00bb0&Prime;]<h1><span style=\"color: #ffffff;\">Nous<br \/>contacter<\/span><\/h1>[\/et_pb_text][et_pb_divider color=\u00a0\u00bb#FFFFFF\u00a0\u00bb divider_weight=\u00a0\u00bb3px\u00a0\u00bb _builder_version=\u00a0\u00bb4.26.0&Prime; _module_preset=\u00a0\u00bbdefault\u00a0\u00bb max_width=\u00a0\u00bb75%\u00a0\u00bb custom_margin=\u00a0\u00bb||2vh|10vh|false|false\u00a0\u00bb custom_margin_tablet=\u00a0\u00bb||2vh|10vh|false|false\u00a0\u00bb custom_margin_phone=\u00a0\u00bb|||2vh|false|false\u00a0\u00bb custom_margin_last_edited=\u00a0\u00bbon|phone\u00a0\u00bb global_colors_info=\u00a0\u00bb{}\u00a0\u00bb][\/et_pb_divider][et_pb_text _builder_version=\u00a0\u00bb4.26.0&Prime; _module_preset=\u00a0\u00bbdefault\u00a0\u00bb custom_margin=\u00a0\u00bb||12vh|10vh|false|false\u00a0\u00bb custom_margin_tablet=\u00a0\u00bb||12vh|10vh|false|false\u00a0\u00bb custom_margin_phone=\u00a0\u00bb|||2vh|false|false\u00a0\u00bb custom_margin_last_edited=\u00a0\u00bbon|phone\u00a0\u00bb text_font_size_tablet=\u00a0\u00bb25px\u00a0\u00bb text_font_size_phone=\u00a0\u00bb\u00a0\u00bb text_font_size_last_edited=\u00a0\u00bbon|desktop\u00a0\u00bb global_colors_info=\u00a0\u00bb{}\u00a0\u00bb]<p><span style=\"color: #ffffff;\">Vous souhaitez d\u00e9placer un rendez-vous, demander un suivi m\u00e9dical recevoir des informations en lien avec le suivi \u00e0 venir ou sur les consultations post-op\u00e9ratoires, merci de remplir le formulaire ci-dessous.<\/span><\/p>[\/et_pb_text][\/et_pb_column][et_pb_column type=\u00a0\u00bb1_2&Prime; _builder_version=\u00a0\u00bb4.26.0&Prime; _module_preset=\u00a0\u00bbdefault\u00a0\u00bb global_colors_info=\u00a0\u00bb{}\u00a0\u00bb][\/et_pb_column][\/et_pb_row][\/et_pb_section][et_pb_section fb_built=\u00a0\u00bb1&Prime; _builder_version=\u00a0\u00bb4.26.0&Prime; _module_preset=\u00a0\u00bbdefault\u00a0\u00bb background_color=\u00a0\u00bb#000000&Prime; custom_padding=\u00a0\u00bb0px||10px||false|false\u00a0\u00bb global_colors_info=\u00a0\u00bb{}\u00a0\u00bb][et_pb_row _builder_version=\u00a0\u00bb4.26.0&Prime; _module_preset=\u00a0\u00bbdefault\u00a0\u00bb background_color=\u00a0\u00bb#1b2e44&Prime; width=\u00a0\u00bb99%\u00a0\u00bb max_width=\u00a0\u00bb2560px\u00a0\u00bb module_alignment=\u00a0\u00bbright\u00a0\u00bb border_radii=\u00a0\u00bboff|45px|||45px\u00a0\u00bb global_colors_info=\u00a0\u00bb{}\u00a0\u00bb][et_pb_column type=\u00a0\u00bb4_4&Prime; _builder_version=\u00a0\u00bb4.26.0&Prime; _module_preset=\u00a0\u00bbdefault\u00a0\u00bb global_colors_info=\u00a0\u00bb{}\u00a0\u00bb][et_pb_text _builder_version=\u00a0\u00bb4.26.0&Prime; _module_preset=\u00a0\u00bbdefault\u00a0\u00bb custom_margin=\u00a0\u00bb18vh||0px|12vw|false|false\u00a0\u00bb custom_margin_tablet=\u00a0\u00bb18vh||0px|12vw|false|false\u00a0\u00bb custom_margin_phone=\u00a0\u00bb|||0vh|false|false\u00a0\u00bb custom_margin_last_edited=\u00a0\u00bbon|phone\u00a0\u00bb custom_padding=\u00a0\u00bb|||2vh|false|false\u00a0\u00bb header_2_font_size_tablet=\u00a0\u00bb35px\u00a0\u00bb global_colors_info=\u00a0\u00bb{}\u00a0\u00bb]<h2><span style=\"color: #ffffff;\">Contacter le Centre<br \/>Ost\u00e9o Articulaire<\/span><\/h2>[\/et_pb_text][et_pb_wpt_contact_form_7 contact_form_id=\u00a0\u00bbcf7-28856&Prime; text_select_custom_padding=\u00a0\u00bb2vh|16px|2vh|16px|false|false\u00a0\u00bb text_select_bg_color=\u00a0\u00bb#FFFFFF\u00a0\u00bb column_custom_margin=\u00a0\u00bb0|0|2px|0|false|false\u00a0\u00bb text_select_custom_padding_tablet=\u00a0\u00bb2vh|16px|2vh|16px|false|false\u00a0\u00bb text_select_custom_padding_phone=\u00a0\u00bb0.5vh||0.5vh||true|false\u00a0\u00bb text_select_custom_padding_last_edited=\u00a0\u00bbon|phone\u00a0\u00bb _builder_version=\u00a0\u00bb4.26.0&Prime; _module_preset=\u00a0\u00bbdefault\u00a0\u00bb label_text_color=\u00a0\u00bbRGBA(255,255,255,0)\u00a0\u00bb radio_checkbox_options_label_font=\u00a0\u00bb|700|||||||\u00a0\u00bb radio_checkbox_options_label_text_color=\u00a0\u00bb#FFFFFF\u00a0\u00bb radio_checkbox_options_label_font_size=\u00a0\u00bb17px\u00a0\u00bb acceptance_field_label_font=\u00a0\u00bb|700|||||||\u00a0\u00bb acceptance_field_label_text_color=\u00a0\u00bb#FFFFFF\u00a0\u00bb text_select_font=\u00a0\u00bb|700|||||||\u00a0\u00bb text_select_text_color=\u00a0\u00bb#000000&Prime; text_select_font_size=\u00a0\u00bb17px\u00a0\u00bb custom_form_button=\u00a0\u00bbon\u00a0\u00bb form_button_text_size=\u00a0\u00bb17px\u00a0\u00bb form_button_text_color=\u00a0\u00bb#FFFFFF\u00a0\u00bb form_button_border_width=\u00a0\u00bb1px\u00a0\u00bb form_button_alignment=\u00a0\u00bbright\u00a0\u00bb form_button_custom_padding=\u00a0\u00bb|4vw||4vw|false|true\u00a0\u00bb custom_margin=\u00a0\u00bb|13vw||13vw|false|true\u00a0\u00bb custom_margin_tablet=\u00a0\u00bb|13vw||13vw|false|true\u00a0\u00bb custom_margin_phone=\u00a0\u00bb|2vh||2vh|false|true\u00a0\u00bb custom_margin_last_edited=\u00a0\u00bbon|phone\u00a0\u00bb custom_padding=\u00a0\u00bb20px|0px|20px|0px|true|true\u00a0\u00bb radio_checkbox_options_label_font_size_tablet=\u00a0\u00bb17px\u00a0\u00bb radio_checkbox_options_label_font_size_phone=\u00a0\u00bb14px\u00a0\u00bb radio_checkbox_options_label_font_size_last_edited=\u00a0\u00bbon|phone\u00a0\u00bb text_select_font_size_tablet=\u00a0\u00bb17px\u00a0\u00bb text_select_font_size_phone=\u00a0\u00bb14px\u00a0\u00bb text_select_font_size_last_edited=\u00a0\u00bbon|phone\u00a0\u00bb global_colors_info=\u00a0\u00bb{}\u00a0\u00bb form_button_bg_color__hover_enabled=\u00a0\u00bbon|hover\u00a0\u00bb form_button_custom_padding__hover_enabled=\u00a0\u00bbon|desktop\u00a0\u00bb form_button_custom_padding__hover=\u00a0\u00bb|4vw||4vw|false|true\u00a0\u00bb][\/et_pb_wpt_contact_form_7][\/et_pb_column][\/et_pb_row][\/et_pb_section]\n","protected":false},"excerpt":{"rendered":"<p>NouscontacterVous souhaitez d\u00e9placer un rendez-vous, demander un suivi m\u00e9dical recevoir des informations en lien avec le suivi \u00e0 venir ou sur les consultations post-op\u00e9ratoires, merci de remplir le formulaire ci-dessous.Contacter le CentreOst\u00e9o Articulaire<\/p>","protected":false},"author":4,"featured_media":0,"parent":29033,"menu_order":0,"comment_status":"closed","ping_status":"closed","template":"","meta":{"_et_pb_use_builder":"on","_et_pb_old_content":"","_et_gb_content_width":"","footnotes":""},"class_list":["post-29039","page","type-page","status-publish","hentry"],"yoast_head":"<!-- This site is optimized with the Yoast SEO plugin v27.4 - https:\/\/yoast.com\/product\/yoast-seo-wordpress\/ -->\n<title>Contact - Liv Ortho<\/title>\n<meta name=\"description\" content=\"Contactez LIV ORTHO pour toute demande de suivi m\u00e9dical, modification de rendez-vous ou informations sur vos consultations post-op\u00e9ratoires. Remplissez notre formulaire en ligne pour un service rapide et personnalis\u00e9.\" \/>\n<meta name=\"robots\" content=\"index, follow, max-snippet:-1, max-image-preview:large, max-video-preview:-1\" \/>\n<link rel=\"canonical\" href=\"https:\/\/livortho.ch\/en\/entreprise\/contact\/\" \/>\n<meta property=\"og:locale\" content=\"en_GB\" \/>\n<meta property=\"og:type\" content=\"article\" \/>\n<meta property=\"og:title\" content=\"Contact - Liv Ortho\" \/>\n<meta property=\"og:description\" content=\"Contactez LIV ORTHO pour toute demande de suivi m\u00e9dical, modification de rendez-vous ou informations sur vos consultations post-op\u00e9ratoires. Remplissez notre formulaire en ligne pour un service rapide et personnalis\u00e9.\" \/>\n<meta property=\"og:url\" content=\"https:\/\/livortho.ch\/en\/entreprise\/contact\/\" \/>\n<meta property=\"og:site_name\" content=\"Liv Ortho\" \/>\n<meta property=\"article:modified_time\" content=\"2024-08-23T06:42:09+00:00\" \/>\n<meta name=\"twitter:card\" content=\"summary_large_image\" \/>\n<meta name=\"twitter:label1\" content=\"Estimated reading time\" \/>\n\t<meta name=\"twitter:data1\" content=\"1 minute\" \/>\n<script type=\"application\/ld+json\" class=\"yoast-schema-graph\">{\"@context\":\"https:\\\/\\\/schema.org\",\"@graph\":[{\"@type\":\"WebPage\",\"@id\":\"https:\\\/\\\/livortho.ch\\\/entreprise\\\/contact\\\/\",\"url\":\"https:\\\/\\\/livortho.ch\\\/entreprise\\\/contact\\\/\",\"name\":\"Contact - Liv Ortho\",\"isPartOf\":{\"@id\":\"https:\\\/\\\/livortho.ch\\\/#website\"},\"datePublished\":\"2024-07-08T12:20:29+00:00\",\"dateModified\":\"2024-08-23T06:42:09+00:00\",\"description\":\"Contactez LIV ORTHO pour toute demande de suivi m\u00e9dical, modification de rendez-vous ou informations sur vos consultations post-op\u00e9ratoires. Remplissez notre formulaire en ligne pour un service rapide et personnalis\u00e9.\",\"breadcrumb\":{\"@id\":\"https:\\\/\\\/livortho.ch\\\/entreprise\\\/contact\\\/#breadcrumb\"},\"inLanguage\":\"en-GB\",\"potentialAction\":[{\"@type\":\"ReadAction\",\"target\":[\"https:\\\/\\\/livortho.ch\\\/entreprise\\\/contact\\\/\"]}]},{\"@type\":\"BreadcrumbList\",\"@id\":\"https:\\\/\\\/livortho.ch\\\/entreprise\\\/contact\\\/#breadcrumb\",\"itemListElement\":[{\"@type\":\"ListItem\",\"position\":1,\"name\":\"Accueil\",\"item\":\"https:\\\/\\\/livortho.ch\\\/\"},{\"@type\":\"ListItem\",\"position\":2,\"name\":\"Entreprise\",\"item\":\"https:\\\/\\\/livortho.ch\\\/entreprise\\\/\"},{\"@type\":\"ListItem\",\"position\":3,\"name\":\"Contact\"}]},{\"@type\":\"WebSite\",\"@id\":\"https:\\\/\\\/livortho.ch\\\/#website\",\"url\":\"https:\\\/\\\/livortho.ch\\\/\",\"name\":\"Liv Ortho\",\"description\":\"\",\"potentialAction\":[{\"@type\":\"SearchAction\",\"target\":{\"@type\":\"EntryPoint\",\"urlTemplate\":\"https:\\\/\\\/livortho.ch\\\/?s={search_term_string}\"},\"query-input\":{\"@type\":\"PropertyValueSpecification\",\"valueRequired\":true,\"valueName\":\"search_term_string\"}}],\"inLanguage\":\"en-GB\"}]}<\/script>\n<!-- \/ Yoast SEO plugin. -->","yoast_head_json":{"title":"Contact - Liv Ortho","description":"Contactez LIV ORTHO pour toute demande de suivi m\u00e9dical, modification de rendez-vous ou informations sur vos consultations post-op\u00e9ratoires. Remplissez notre formulaire en ligne pour un service rapide et personnalis\u00e9.","robots":{"index":"index","follow":"follow","max-snippet":"max-snippet:-1","max-image-preview":"max-image-preview:large","max-video-preview":"max-video-preview:-1"},"canonical":"https:\/\/livortho.ch\/en\/entreprise\/contact\/","og_locale":"en_GB","og_type":"article","og_title":"Contact - Liv Ortho","og_description":"Contactez LIV ORTHO pour toute demande de suivi m\u00e9dical, modification de rendez-vous ou informations sur vos consultations post-op\u00e9ratoires. Remplissez notre formulaire en ligne pour un service rapide et personnalis\u00e9.","og_url":"https:\/\/livortho.ch\/en\/entreprise\/contact\/","og_site_name":"Liv Ortho","article_modified_time":"2024-08-23T06:42:09+00:00","twitter_card":"summary_large_image","twitter_misc":{"Estimated reading time":"1 minute"},"schema":{"@context":"https:\/\/schema.org","@graph":[{"@type":"WebPage","@id":"https:\/\/livortho.ch\/entreprise\/contact\/","url":"https:\/\/livortho.ch\/entreprise\/contact\/","name":"Contact - Liv Ortho","isPartOf":{"@id":"https:\/\/livortho.ch\/#website"},"datePublished":"2024-07-08T12:20:29+00:00","dateModified":"2024-08-23T06:42:09+00:00","description":"Contactez LIV ORTHO pour toute demande de suivi m\u00e9dical, modification de rendez-vous ou informations sur vos consultations post-op\u00e9ratoires. Remplissez notre formulaire en ligne pour un service rapide et personnalis\u00e9.","breadcrumb":{"@id":"https:\/\/livortho.ch\/entreprise\/contact\/#breadcrumb"},"inLanguage":"en-GB","potentialAction":[{"@type":"ReadAction","target":["https:\/\/livortho.ch\/entreprise\/contact\/"]}]},{"@type":"BreadcrumbList","@id":"https:\/\/livortho.ch\/entreprise\/contact\/#breadcrumb","itemListElement":[{"@type":"ListItem","position":1,"name":"Accueil","item":"https:\/\/livortho.ch\/"},{"@type":"ListItem","position":2,"name":"Entreprise","item":"https:\/\/livortho.ch\/entreprise\/"},{"@type":"ListItem","position":3,"name":"Contact"}]},{"@type":"WebSite","@id":"https:\/\/livortho.ch\/#website","url":"https:\/\/livortho.ch\/","name":"Liv Ortho","description":"","potentialAction":[{"@type":"SearchAction","target":{"@type":"EntryPoint","urlTemplate":"https:\/\/livortho.ch\/?s={search_term_string}"},"query-input":{"@type":"PropertyValueSpecification","valueRequired":true,"valueName":"search_term_string"}}],"inLanguage":"en-GB"}]}},"_links":{"self":[{"href":"https:\/\/livortho.ch\/en\/wp-json\/wp\/v2\/pages\/29039","targetHints":{"allow":["GET"]}}],"collection":[{"href":"https:\/\/livortho.ch\/en\/wp-json\/wp\/v2\/pages"}],"about":[{"href":"https:\/\/livortho.ch\/en\/wp-json\/wp\/v2\/types\/page"}],"author":[{"embeddable":true,"href":"https:\/\/livortho.ch\/en\/wp-json\/wp\/v2\/users\/4"}],"replies":[{"embeddable":true,"href":"https:\/\/livortho.ch\/en\/wp-json\/wp\/v2\/comments?post=29039"}],"version-history":[{"count":11,"href":"https:\/\/livortho.ch\/en\/wp-json\/wp\/v2\/pages\/29039\/revisions"}],"predecessor-version":[{"id":30057,"href":"https:\/\/livortho.ch\/en\/wp-json\/wp\/v2\/pages\/29039\/revisions\/30057"}],"up":[{"embeddable":true,"href":"https:\/\/livortho.ch\/en\/wp-json\/wp\/v2\/pages\/29033"}],"wp:attachment":[{"href":"https:\/\/livortho.ch\/en\/wp-json\/wp\/v2\/media?parent=29039"}],"curies":[{"name":"wp","href":"https:\/\/api.w.org\/{rel}","templated":true}]}}